{"id":947,"date":"2020-11-26T20:54:34","date_gmt":"2020-11-26T23:54:34","guid":{"rendered":"https:\/\/isfd9-bue.infd.edu.ar\/sitio\/?page_id=947"},"modified":"2026-03-18T19:33:11","modified_gmt":"2026-03-18T22:33:11","slug":"ingreso","status":"publish","type":"page","link":"https:\/\/isfd9-bue.infd.edu.ar\/sitio\/ingreso\/","title":{"rendered":"INGRESO"},"content":{"rendered":"\n<p><\/p>\n\n\n\n<figure class=\"wp-block-table is-style-regular has-x-large-font-size\"><table class=\"has-base-3-color has-accent-background-color has-text-color has-background\"><tbody><tr><td class=\"has-text-align-center\" data-align=\"center\"><img decoding=\"async\" src=\"https:\/\/isfd9-bue.infd.edu.ar\/sitio\/wp-content\/uploads\/2022\/04\/Icono-IS9-texto.jpg\" alt=\"\"><\/td><\/tr><tr><td class=\"has-text-align-center\" data-align=\"center\"><strong>Ingreso al <br>Instituto de Formaci\u00f3n Docente y T\u00e9cnica Nro. 9<\/strong><\/td><\/tr><\/tbody><\/table><\/figure>\n\n\n\n<p><\/p>\n\n\n\n<h4 class=\"wp-block-heading has-text-align-center\">Horarios de atenci\u00f3n<\/h4>\n\n\n\n<div class=\"wp-block-group alignwide has-base-background-color has-background is-vertical is-content-justification-center is-layout-flex wp-container-1\">\n<h5 class=\"wp-block-heading has-text-align-center\">Turno Ma\u00f1ana: 9 a 11 hs<\/h5>\n\n\n\n<h5 class=\"wp-block-heading has-text-align-center\">Turno Tarde : 14 a 16 hs<\/h5>\n\n\n\n<h5 class=\"wp-block-heading has-text-align-center\" style=\"font-style:normal;font-weight:600\">Turno Vespertino: 18 a 20 hs<\/h5>\n<\/div>\n\n\n\n<pre class=\"wp-block-code has-pale-ocean-gradient-background has-background\"><code><h1 class=\"has-text-align-center has-x-large-font-size\" style=\"font-style:normal;font-weight:900;text-transform:none; text-decoration-line: underline;text-decoration-style: double;\"><strong><u>Documentaci\u00f3n\u00a0 a presentar:<\/u><\/strong><\/h1><\/code><\/pre>\n\n\n\n<ul>\n<li>3 Fotos carnet<\/li>\n\n\n\n<li>Original y Copia Titulo secundario \/ <\/li>\n\n\n\n<li>Original y Copia DNI<\/li>\n\n\n\n<li>Planilla de inscripci\u00f3n impresa y completa en imprenta <a href=\"https:\/\/drive.google.com\/file\/d\/1RAp2fnJATeqSduBno2Xf30z3GZn-_THK\/view?usp=sharing\">(DESCARGAR AQUI PLANILLA DE INSCRIPCION)<\/a><\/li>\n\n\n\n<li>Certificado de aptitud psicofisica.<\/li>\n\n\n\n<li>Partida de Nacimiento<\/li>\n\n\n\n<li>Pago voluntario Cooperadora I.S.F.D. yT.  n\u00ba 9<\/li>\n\n\n\n<li>Folio oficio.<\/li>\n<\/ul>\n\n\n\n<p>La Asociaci\u00f3n Cooperadora es un grupo de personas integrado por toda la comunidad educativa. Trabajan en el Establecimiento aportando su tiempo&nbsp;y energ\u00eda. Destina sus acciones para que los\/as estudiantes cuenten con una Instituci\u00f3n p\u00fablica que funcione de la mejor manera posible.<\/p>\n\n\n\n<p>El pago Voluntario de $ 20.000, lo podes abonar\u00a0 en dos cuotas.<br><\/p>\n\n\n\n<pre class=\"wp-block-code has-pale-ocean-gradient-background has-background\"><code><h1 class=\"has-text-align-center has-x-large-font-size\" style=\"font-style:normal;font-weight:900;text-transform:none; text-decoration-line: underline;text-decoration-style: double;\">Nuestras Carreras<\/h1><\/code><\/pre>\n\n\n\n<p><\/p>\n\n\n\n<h3 class=\"wp-block-heading\"><strong><mark style=\"background-color:rgba(0, 0, 0, 0)\" class=\"has-inline-color has-luminous-vivid-orange-color\">Profesorado de Educaci\u00f3n Secundaria en Lengua y Literatura.<\/mark><\/strong><\/h3>\n\n\n\n<ul>\n<li>Solo Turno Vespertino.<\/li>\n\n\n\n<li>Sede calle 2 nro. 727 e\/46 y 47.<\/li>\n<\/ul>\n\n\n\n<h3 class=\"wp-block-heading\"><strong><mark style=\"background-color:rgba(0, 0, 0, 0)\" class=\"has-inline-color has-luminous-vivid-orange-color\">Profesorado de Educaci\u00f3n Especial.<\/mark><\/strong><\/h3>\n\n\n\n<ul>\n<li>Turno Ma\u00f1ana <\/li>\n\n\n\n<li>Turno Vespertino<\/li>\n\n\n\n<li>Sede calle 2 nro. 727 e\/46 y 47.<\/li>\n<\/ul>\n\n\n\n<h3 class=\"wp-block-heading\"><mark style=\"background-color:rgba(0, 0, 0, 0)\" class=\"has-inline-color has-luminous-vivid-orange-color\"><strong>Profesorado de Educaci\u00f3n Primaria<\/strong>.<\/mark><\/h3>\n\n\n\n<ul>\n<li>Turno Ma\u00f1ana.<\/li>\n\n\n\n<li>Turno Tarde\n<ul>\n<li>Sede calle 6 nro. 675 e\/45 y 46.<\/li>\n<\/ul>\n<\/li>\n\n\n\n<li>Turno Vespertino.\n<ul>\n<li>Sede calle 44 nro. 530 e\/5 y 6. <\/li>\n<\/ul>\n<\/li>\n<\/ul>\n\n\n\n<h3 class=\"wp-block-heading\"><strong><mark style=\"background-color:rgba(0, 0, 0, 0)\" class=\"has-inline-color has-luminous-vivid-orange-color\">Profesorado de Educaci\u00f3n Inicial.<\/mark><\/strong><\/h3>\n\n\n\n<ul>\n<li>Turno Ma\u00f1ana.<\/li>\n\n\n\n<li>Turno Tarde<\/li>\n\n\n\n<li>Turno Vespertino.<\/li>\n\n\n\n<li>Sede calle 44 nro. 530 e\/5 y 6.<\/li>\n<\/ul>\n\n\n\n<h3 class=\"wp-block-heading\"><mark style=\"background-color:rgba(0, 0, 0, 0)\" class=\"has-inline-color has-luminous-vivid-orange-color\"><strong>Tecnicatura en Fonoaudiolog\u00eda<\/strong>.<\/mark><\/h3>\n\n\n\n<ul>\n<li>Solo Turno Vespertino.<\/li>\n\n\n\n<li>Sede calle 6 nro. 675 e\/45 y 46.<\/li>\n<\/ul>\n\n\n\n<h2 class=\"wp-block-heading\"><mark style=\"background-color:rgba(0, 0, 0, 0)\" class=\"has-inline-color has-luminous-vivid-orange-color\"><strong>Tecnicatura en Psicopedagog\u00eda<\/strong>.<\/mark><\/h2>\n\n\n\n<ul>\n<li>Solo Turno Vespertino.<\/li>\n\n\n\n<li>Sede calle 2 nro. 639 e\/44 y 45.(Escuela 37)<\/li>\n<\/ul>\n\n\n\n<div class=\"wp-block-buttons is-content-justification-center is-layout-flex wp-container-2\">\n<div class=\"wp-block-button\"><a class=\"wp-block-button__link wp-element-button\" href=\"https:\/\/isfd9-bue.infd.edu.ar\/sitio\/\" style=\"border-radius:60px\">volver<\/a><\/div>\n<\/div>\n","protected":false},"excerpt":{"rendered":"<p>Ingreso al Instituto de Formaci\u00f3n Docente y T\u00e9cnica Nro. 9 Horarios de atenci\u00f3n Turno Ma\u00f1ana: 9 a 11 hs Turno Tarde : 14 a 16 hs Turno Vespertino: 18 a 20 hs La Asociaci\u00f3n Cooperadora es un grupo de personas integrado por toda la comunidad educativa. Trabajan en el Establecimiento aportando su tiempo&nbsp;y energ\u00eda. Destina &#8230; <a title=\"INGRESO\" class=\"read-more\" href=\"https:\/\/isfd9-bue.infd.edu.ar\/sitio\/ingreso\/\" aria-label=\"More on INGRESO\">[+]<\/a><\/p>\n","protected":false},"author":143,"featured_media":0,"parent":0,"menu_order":0,"comment_status":"closed","ping_status":"closed","template":"","meta":[],"acf":[],"_links":{"self":[{"href":"https:\/\/isfd9-bue.infd.edu.ar\/sitio\/wp-json\/wp\/v2\/pages\/947"}],"collection":[{"href":"https:\/\/isfd9-bue.infd.edu.ar\/sitio\/wp-json\/wp\/v2\/pages"}],"about":[{"href":"https:\/\/isfd9-bue.infd.edu.ar\/sitio\/wp-json\/wp\/v2\/types\/page"}],"author":[{"embeddable":true,"href":"https:\/\/isfd9-bue.infd.edu.ar\/sitio\/wp-json\/wp\/v2\/users\/143"}],"replies":[{"embeddable":true,"href":"https:\/\/isfd9-bue.infd.edu.ar\/sitio\/wp-json\/wp\/v2\/comments?post=947"}],"version-history":[{"count":180,"href":"https:\/\/isfd9-bue.infd.edu.ar\/sitio\/wp-json\/wp\/v2\/pages\/947\/revisions"}],"predecessor-version":[{"id":6301,"href":"https:\/\/isfd9-bue.infd.edu.ar\/sitio\/wp-json\/wp\/v2\/pages\/947\/revisions\/6301"}],"wp:attachment":[{"href":"https:\/\/isfd9-bue.infd.edu.ar\/sitio\/wp-json\/wp\/v2\/media?parent=947"}],"curies":[{"name":"wp","href":"https:\/\/api.w.org\/{rel}","templated":true}]}}