{"id":879,"date":"2020-09-10T09:59:36","date_gmt":"2020-09-10T12:59:36","guid":{"rendered":"https:\/\/isfd9-bue.infd.edu.ar\/sitio\/?page_id=879"},"modified":"2021-03-02T13:57:15","modified_gmt":"2021-03-02T16:57:15","slug":"legajo-digital-del-docente","status":"publish","type":"page","link":"https:\/\/isfd9-bue.infd.edu.ar\/sitio\/legajo-digital-del-docente\/","title":{"rendered":"LEGAJO DIGITAL DEL DOCENTE"},"content":{"rendered":"<p><strong>Actualizaci\u00f3n de legajos docentes ISFDyT N\u00b09<\/strong><\/p>\n<p><span style=\"font-weight: 400;\">\u00a0En el marco de la adaptaci\u00f3n del Proyecto Institucional a la contingencia del\u00a0ciclo lectivo 2020 con motivo de la pandemia por Covid-19, el equipo de secretar\u00eda del Instituto Superior de Formaci\u00f3n Docente y T\u00e9cnica N\u00b09 comenz\u00f3 el proceso\u00a0 de\u00a0actualizaci\u00f3n\u00a0 de los estados administrativos de la instituci\u00f3n.<br \/>\nEn el presente ciclo lectivo 2021 continuamos con el proceso de\u00a0 digitalizar legajos docentes con el objetivo de administrar la documentaci\u00f3n en forma remota dado al contexto actual del distanciamiento social, preventivo y obligatorio. Esta propuesta surgida de las circunstancias se convertir\u00e1 en un recurso valioso para la gesti\u00f3n educativa de ahora en m\u00e1s. Es sustentable al minimizar el uso de papel, hacer m\u00e1s eficiente la gesti\u00f3n de la informaci\u00f3n,\u00a0 facilitar el registro y archivo de la documentaci\u00f3n en formato digital. Es sostenible en el tiempo ya que se asocia la plataforma abc que facilita la Direcci\u00f3n General de Cultura y Educaci\u00f3n de la provincia de Buenos Aires a trav\u00e9s de Google, lo que permite tener acceso a varias apps, espacio virtual de guardado y sincronizaci\u00f3n de contenido de forma ilimitada.<br \/>\n<\/span><\/p>\n<p><span style=\"font-weight: 400;\"> Los legajos digitales docentes son una propuesta de nuestra instituci\u00f3n hacia nuestros docentes.\u00a0\u00a0<\/span><\/p>\n<p><span style=\"font-weight: 400;\">-Se solicita a nuestros docentes informar su correo abc al correo de secretar\u00eda: secretariainstituto9@gmail.com para poder iniciar el siguiente procedimiento desde nuestro correo institucional: isfdyt9laplata@abc.gob.ar<\/span><\/p>\n<p>-Los docentes recibir\u00e1n desde el correo institucional un mensaje con un formulario para completar.<\/p>\n<p><span style=\"font-weight: 400;\">-Luego deber\u00e1n completar con toda la informaci\u00f3n requerida seg\u00fan el siguiente procedimiento, en el formulario enviado a su correo abc.<\/span><\/p>\n<p><img decoding=\"async\" loading=\"lazy\" class=\"alignnone size-full wp-image-880\" src=\"https:\/\/isfd9-bue.infd.edu.ar\/sitio\/wp-content\/uploads\/2020\/09\/Paso-01.png\" alt=\"\" width=\"488\" height=\"154\" \/><\/p>\n<p><strong>PASO 0 &#8211; ANTES DE EMPEZAR<\/strong><\/p>\n<p><span style=\"font-weight: 400;\">Ahorra tiempo preparando todo antes de empezar, recorre los 4 pasos para poder conocer el procedimiento.\u00a0<\/span><\/p>\n<p><span style=\"font-weight: 400;\">En todo momento te iremos guiando para que no pierdas tiempo, cuentes con las herramientas necesarias y logres digitalizar tu legajo docente. En esta p\u00e1gina m\u00e1s abajo explicaremos todo el proceso, dale una le\u00edda a todo, organiza la informaci\u00f3n y luego inicia el proceso.\u00a0<\/span><\/p>\n<p><span style=\"font-weight: 400;\">En el proceso te pediremos todo en formato de archivos PDF, pero \u00a1no te preocupes! Te daremos herramientas gratuitas para poder crear archivos pdf f\u00e1cil y r\u00e1pido. <a href=\"https:\/\/isfd9-bue.infd.edu.ar\/sitio\/herramientas-para-pdf\/\" target=\"_blank\" rel=\"noopener\">Puedes encontrar todas las herramientas aqu\u00ed.<\/a><\/span><\/p>\n<p>&nbsp;<\/p>\n<p><img decoding=\"async\" loading=\"lazy\" class=\"alignnone size-full wp-image-881\" src=\"https:\/\/isfd9-bue.infd.edu.ar\/sitio\/wp-content\/uploads\/2020\/09\/Paso-02.png\" alt=\"\" width=\"488\" height=\"154\" \/><\/p>\n<p><strong>PASO 01 &#8211; DNI &#8211; FRENTE\/DORSO<\/strong><\/p>\n<p>Al recibir el formulario deber\u00e1s completar el primer paso<\/p>\n<p>-DATOS DEL DOCENTE<\/p>\n<p>1\u00b0) Tu n\u00famero de CUIL sin guiones.<\/p>\n<p>2\u00b0) Tu fecha de nacimiento (DD-MM-AAAA)<\/p>\n<p>3\u00b0) Apellido y nombres completos.<\/p>\n<p>4\u00b0)Correo\u00a0 electr\u00f3nico abc. (obligatorio)<\/p>\n<p>5\u00b0) Correo electr\u00f3nico opcional.<\/p>\n<p>6\u00b0) Domicilio actual.<\/p>\n<p>7\u00b0) Subir el archivo PDF de tu DNI (frente y dorso)<\/p>\n<p><img decoding=\"async\" loading=\"lazy\" class=\"alignnone size-full wp-image-882\" src=\"https:\/\/isfd9-bue.infd.edu.ar\/sitio\/wp-content\/uploads\/2020\/09\/Paso-03.png\" alt=\"\" width=\"488\" height=\"154\" \/><\/p>\n<p><strong>PASO 02 &#8211; FORMACI\u00d3N ACADEMICA<\/strong><\/p>\n<p>Deber\u00e1s completar con la siguiente informaci\u00f3n:<\/p>\n<p>1\u00b0)\u00a0Titulo habilitante e Instituci\u00f3n que lo emiti\u00f3.<\/p>\n<p>2\u00b0)A\u00f1o de Egreso.<\/p>\n<p>3\u00b0) Subir archivo PDF con TITULO HABILITANTE.<\/p>\n<p>&nbsp;<\/p>\n<p>&nbsp;<\/p>\n<p><img decoding=\"async\" loading=\"lazy\" class=\"alignnone size-full wp-image-883\" src=\"https:\/\/isfd9-bue.infd.edu.ar\/sitio\/wp-content\/uploads\/2020\/09\/Paso-04.png\" alt=\"\" width=\"488\" height=\"154\" \/><\/p>\n<p><strong>PASO 03 &#8211; SITUACI\u00d3N DOCENTE<\/strong><\/p>\n<p>Completar con la siguiente informaci\u00f3n:<\/p>\n<p>1\u00b0)A\u00f1o de ingreso a la docencia ( no es necesaria un d\u00eda y mes, s\u00f3lo con el a\u00f1o es suficiente . Podr\u00e1s encontrar el a\u00f1o haciendo la cuenta con los a\u00f1os de antig\u00fcedad que figuran en\u00a0 tu recibo de sueldo)<\/p>\n<p>2\u00b0)A\u00f1o de ingreso al nivel superior.<\/p>\n<p>3\u00b0)\u00a0A\u00f1o de ingreso al ISFDyT N\u00b09.<\/p>\n<p>4\u00b0)\u00a0Fecha y numero de resoluci\u00f3n <strong>s\u00f3lo<\/strong> en caso de Titularizaci\u00f3n.<\/p>\n<p>5\u00b0) Responder\u00e1s si sos jubilado o no.<\/p>\n<p>6\u00b0) Subir Declaraci\u00f3n Jurada de cargos y Horarios del corriente ciclo lectivo. Dado que el Estatuto del Docente establece que se deben declarar bajo juramento los cargos y\/o actividades oficiales o privadas (horario de consultorio) que desempe\u00f1e cada agente. Es obligaci\u00f3n del docente presentar su declaraci\u00f3n jurada de cargos en forma anual e inmediatamente despu\u00e9s de cualquier modificaci\u00f3n en su horario o situaci\u00f3n de revista , en todas las instituciones educativas en que se desempe\u00f1e.<br \/>\nEn la presencialidad se entregaba el formulario DDJJ en Secretar\u00eda hasta el \u00faltimo d\u00eda de Marzo de cada ciclo lectivo o dentro de los 5 (cinco) d\u00edas h\u00e1biles posteriores en caso de modificaci\u00f3n del desempe\u00f1o del docente. Pero en tiempos de aislamiento\/distanciamiento social, preventivo y obligatorio;\u00a0 excepcionalmente para el a\u00f1o 2021 se solicitar\u00e1 la DDJJ con la firma del docente al 30\/4\/2021.-<\/p>\n<p>&nbsp;<\/p>\n<p><img decoding=\"async\" loading=\"lazy\" class=\"alignnone size-full wp-image-884\" src=\"https:\/\/isfd9-bue.infd.edu.ar\/sitio\/wp-content\/uploads\/2020\/09\/Paso-05.png\" alt=\"\" width=\"488\" height=\"154\" \/><\/p>\n<p><strong>PASO 04 &#8211; CV ACAD\u00c9MICO ACTUALIZADO<\/strong><\/p>\n<p>Opcionalmente podr\u00e1s subir un archivo PF con tu Curriculum vitae.<\/p>\n<p>&nbsp;<\/p>\n<p>\u00a1LISTO!<\/p>\n<p>Haz completado tu legajo digital del ISFDyT n\u00b09<\/p>\n<p>\u00a1\u00a1\u00a1\u00a1MUCHISIMAS GRACIAS!!!!<\/p>\n<p>Equipo de Secretaria del ISFDyT n\u00b09 de La Plata.<\/p>\n<p>&nbsp;<\/p>\n<p>&nbsp;<\/p>\n","protected":false},"excerpt":{"rendered":"<p>Actualizaci\u00f3n de legajos docentes ISFDyT N\u00b09 \u00a0En el marco de la adaptaci\u00f3n del Proyecto Institucional a la contingencia del\u00a0ciclo lectivo 2020 con motivo de la pandemia por Covid-19, el equipo de secretar\u00eda del Instituto Superior de Formaci\u00f3n Docente y T\u00e9cnica N\u00b09 comenz\u00f3 el proceso\u00a0 de\u00a0actualizaci\u00f3n\u00a0 de los estados administrativos de la instituci\u00f3n. En el presente &#8230; <a title=\"LEGAJO DIGITAL DEL DOCENTE\" class=\"read-more\" href=\"https:\/\/isfd9-bue.infd.edu.ar\/sitio\/legajo-digital-del-docente\/\" aria-label=\"More on LEGAJO DIGITAL DEL DOCENTE\">[+]<\/a><\/p>\n","protected":false},"author":143,"featured_media":0,"parent":0,"menu_order":0,"comment_status":"closed","ping_status":"closed","template":"","meta":[],"acf":[],"_links":{"self":[{"href":"https:\/\/isfd9-bue.infd.edu.ar\/sitio\/wp-json\/wp\/v2\/pages\/879"}],"collection":[{"href":"https:\/\/isfd9-bue.infd.edu.ar\/sitio\/wp-json\/wp\/v2\/pages"}],"about":[{"href":"https:\/\/isfd9-bue.infd.edu.ar\/sitio\/wp-json\/wp\/v2\/types\/page"}],"author":[{"embeddable":true,"href":"https:\/\/isfd9-bue.infd.edu.ar\/sitio\/wp-json\/wp\/v2\/users\/143"}],"replies":[{"embeddable":true,"href":"https:\/\/isfd9-bue.infd.edu.ar\/sitio\/wp-json\/wp\/v2\/comments?post=879"}],"version-history":[{"count":9,"href":"https:\/\/isfd9-bue.infd.edu.ar\/sitio\/wp-json\/wp\/v2\/pages\/879\/revisions"}],"predecessor-version":[{"id":1208,"href":"https:\/\/isfd9-bue.infd.edu.ar\/sitio\/wp-json\/wp\/v2\/pages\/879\/revisions\/1208"}],"wp:attachment":[{"href":"https:\/\/isfd9-bue.infd.edu.ar\/sitio\/wp-json\/wp\/v2\/media?parent=879"}],"curies":[{"name":"wp","href":"https:\/\/api.w.org\/{rel}","templated":true}]}}