{"id":784,"date":"2018-08-29T15:50:12","date_gmt":"2018-08-29T18:50:12","guid":{"rendered":"https:\/\/isfd9-bue.infd.edu.ar\/sitio\/disenos-curriculares\/"},"modified":"2020-10-28T14:07:12","modified_gmt":"2020-10-28T17:07:12","slug":"disenos-curriculares","status":"publish","type":"page","link":"https:\/\/isfd9-bue.infd.edu.ar\/sitio\/disenos-curriculares\/","title":{"rendered":"Dise\u00f1os Curriculares"},"content":{"rendered":"<table style=\"width: 100%;\" border=\"0\">\n<tbody>\n<tr>\n<td colspan=\"2\">\n<h2 style=\"margin-top: 0px; margin-bottom: 0px; padding-bottom: 0px; text-align: center;\"><span style=\"font-family: arial, helvetica, sans-serif; font-size: 18pt; color: #0000ff;\">Dise\u00f1os Curriculares<\/span><\/h2>\n<\/td>\n<\/tr>\n<tr>\n<td colspan=\"2\"><span style=\"font-family: arial, helvetica, sans-serif; font-size: 12pt;\">Adjuntamos los dise\u00f1os curriculares de las carreras que ofrece nuestro Instituto<\/span><\/td>\n<\/tr>\n<tr>\n<td colspan=\"2\"><\/td>\n<\/tr>\n<tr>\n<td colspan=\"2\">\n<h3 style=\"margin-top: 0px; margin-bottom: 0px; padding-bottom: 0px; text-align: center;\"><span style=\"font-family: arial, helvetica, sans-serif; color: #0000ff; font-size: 14pt;\">Carreras<\/span><\/h3>\n<\/td>\n<\/tr>\n<tr>\n<td colspan=\"2\"><\/td>\n<\/tr>\n<tr>\n<td colspan=\"2\"><\/td>\n<\/tr>\n<tr>\n<td width=\"15%\">\n<div style=\"text-align: center;\"><img decoding=\"async\" loading=\"lazy\" class=\"aligncenter size-medium wp-image-920\" src=\"https:\/\/isfd9-bue.infd.edu.ar\/sitio\/wp-content\/uploads\/2020\/10\/primaria-2-1000x563.jpeg\" alt=\"\" width=\"1000\" height=\"563\" srcset=\"https:\/\/isfd9-bue.infd.edu.ar\/sitio\/wp-content\/uploads\/2020\/10\/primaria-2-1000x563.jpeg 1000w, https:\/\/isfd9-bue.infd.edu.ar\/sitio\/wp-content\/uploads\/2020\/10\/primaria-2-768x432.jpeg 768w, https:\/\/isfd9-bue.infd.edu.ar\/sitio\/wp-content\/uploads\/2020\/10\/primaria-2.jpeg 1080w\" sizes=\"(max-width: 1000px) 100vw, 1000px\" \/><\/div>\n<\/td>\n<td>Profesorado de Educaci\u00f3n Primaria<\/p>\n<p>Resoluci\u00f3n 4154\/2007\u00a0 &#8211; Plan de estudio en el link:<\/p>\n<p><a href=\"https:\/\/drive.google.com\/file\/d\/1JROAKzjtNPzsVk8vritkQujsTYaUR-n6\/view?usp=sharing\">https:\/\/drive.google.com\/file\/d\/1JROAKzjtNPzsVk8vritkQujsTYaUR-n6\/view?usp=sharing<\/a><\/td>\n<\/tr>\n<tr>\n<td colspan=\"2\"><\/td>\n<\/tr>\n<tr>\n<td>\u00a0 \u00a0 <img decoding=\"async\" loading=\"lazy\" class=\"aligncenter size-medium wp-image-921\" src=\"https:\/\/isfd9-bue.infd.edu.ar\/sitio\/wp-content\/uploads\/2020\/10\/inicial-1-1000x563.jpeg\" alt=\"\" width=\"1000\" height=\"563\" srcset=\"https:\/\/isfd9-bue.infd.edu.ar\/sitio\/wp-content\/uploads\/2020\/10\/inicial-1-1000x563.jpeg 1000w, https:\/\/isfd9-bue.infd.edu.ar\/sitio\/wp-content\/uploads\/2020\/10\/inicial-1-768x432.jpeg 768w, https:\/\/isfd9-bue.infd.edu.ar\/sitio\/wp-content\/uploads\/2020\/10\/inicial-1.jpeg 1280w\" sizes=\"(max-width: 1000px) 100vw, 1000px\" \/><\/td>\n<td>Profesorado de Educaci\u00f3n Inicial<\/p>\n<p>Resoluci\u00f3n 4154\/2007\u00a0 &#8211; Plan de estudio en el link:<\/p>\n<p><a href=\"https:\/\/drive.google.com\/file\/d\/1JROAKzjtNPzsVk8vritkQujsTYaUR-n6\/view?usp=sharing\">https:\/\/drive.google.com\/file\/d\/1JROAKzjtNPzsVk8vritkQujsTYaUR-n6\/view?usp=sharing<\/a><\/td>\n<\/tr>\n<tr>\n<td colspan=\"2\"><\/td>\n<\/tr>\n<tr>\n<td>\u00a0 \u00a0 <img decoding=\"async\" loading=\"lazy\" class=\"aligncenter size-medium wp-image-922\" src=\"https:\/\/isfd9-bue.infd.edu.ar\/sitio\/wp-content\/uploads\/2020\/10\/especial-1-1000x1000.jpeg\" alt=\"\" width=\"1000\" height=\"1000\" \/><\/td>\n<td>Profesorado de Educaci\u00f3n Especial<\/p>\n<p>Resoluci\u00f3n 1009\/2009- Plan de estudio en el link:<\/p>\n<p><a href=\"https:\/\/drive.google.com\/file\/d\/13KW-Lku8wR0qV7nWZM6ao88e83YwFhLi\/view?usp=sharing\">https:\/\/drive.google.com\/file\/d\/13KW-Lku8wR0qV7nWZM6ao88e83YwFhLi\/view?usp=sharing<\/a><\/td>\n<\/tr>\n<tr>\n<td colspan=\"2\"><\/td>\n<\/tr>\n<tr>\n<td>\n<div style=\"text-align: center;\"><img decoding=\"async\" loading=\"lazy\" class=\"aligncenter size-medium wp-image-923\" src=\"https:\/\/isfd9-bue.infd.edu.ar\/sitio\/wp-content\/uploads\/2020\/10\/lengua-1-1000x687.jpeg\" alt=\"\" width=\"1000\" height=\"687\" srcset=\"https:\/\/isfd9-bue.infd.edu.ar\/sitio\/wp-content\/uploads\/2020\/10\/lengua-1-1000x687.jpeg 1000w, https:\/\/isfd9-bue.infd.edu.ar\/sitio\/wp-content\/uploads\/2020\/10\/lengua-1-768x528.jpeg 768w, https:\/\/isfd9-bue.infd.edu.ar\/sitio\/wp-content\/uploads\/2020\/10\/lengua-1.jpeg 1080w\" sizes=\"(max-width: 1000px) 100vw, 1000px\" \/><\/div>\n<\/td>\n<td>Profesorado de Educaci\u00f3n Secundaria en Lengua y Literatura<\/p>\n<p>Resoluci\u00f3n 1862\/2017- Plan de estudio en el link:<\/p>\n<p><a href=\"https:\/\/drive.google.com\/file\/d\/13f934SqH0ocYzDnUPc4bJViKynMbL7JC\/view?usp=sharing\">https:\/\/drive.google.com\/file\/d\/13f934SqH0ocYzDnUPc4bJViKynMbL7JC\/view?usp=sharing<\/a><\/td>\n<\/tr>\n<tr>\n<td colspan=\"2\">Tecnicatura Superior en Fonoaudiologia\u00a0 \u00a0 \u00a0 \u00a0 Resoluci\u00f3n 3119\/15- Plan de estudio en el link:<\/p>\n<p><a href=\"https:\/\/drive.google.com\/file\/d\/1e5YzsX5wTnzNlmjNwFyfwsmgFS_HJJyx\/view?usp=sharing\">https:\/\/drive.google.com\/file\/d\/1e5YzsX5wTnzNlmjNwFyfwsmgFS_HJJyx\/view?usp=sharing<\/a><img decoding=\"async\" loading=\"lazy\" class=\"aligncenter size-medium wp-image-924\" src=\"https:\/\/isfd9-bue.infd.edu.ar\/sitio\/wp-content\/uploads\/2020\/10\/fono-2-1000x573.jpeg\" alt=\"\" width=\"1000\" height=\"573\" srcset=\"https:\/\/isfd9-bue.infd.edu.ar\/sitio\/wp-content\/uploads\/2020\/10\/fono-2-1000x573.jpeg 1000w, https:\/\/isfd9-bue.infd.edu.ar\/sitio\/wp-content\/uploads\/2020\/10\/fono-2-768x440.jpeg 768w, https:\/\/isfd9-bue.infd.edu.ar\/sitio\/wp-content\/uploads\/2020\/10\/fono-2.jpeg 1037w\" sizes=\"(max-width: 1000px) 100vw, 1000px\" \/><\/td>\n<\/tr>\n<tr>\n<td colspan=\"2\">Tecnicatura Superior en Psicopedagogia &#8211;\u00a0 \u00a0Resoluci\u00f3n 2460\/2011- Plan de estudio en el link:<\/p>\n<p><a href=\"https:\/\/drive.google.com\/file\/d\/1wZoiQRArqgO7NSA39nPCxNdzTJbH6Gh-\/view?usp=sharing\">https:\/\/drive.google.com\/file\/d\/1wZoiQRArqgO7NSA39nPCxNdzTJbH6Gh-\/view?usp=sharing<\/a><\/p>\n<p><img decoding=\"async\" loading=\"lazy\" class=\"aligncenter size-medium wp-image-925\" src=\"https:\/\/isfd9-bue.infd.edu.ar\/sitio\/wp-content\/uploads\/2020\/10\/fono-1-1000x750.jpeg\" alt=\"\" width=\"1000\" height=\"750\" srcset=\"https:\/\/isfd9-bue.infd.edu.ar\/sitio\/wp-content\/uploads\/2020\/10\/fono-1-1000x750.jpeg 1000w, https:\/\/isfd9-bue.infd.edu.ar\/sitio\/wp-content\/uploads\/2020\/10\/fono-1-768x576.jpeg 768w, https:\/\/isfd9-bue.infd.edu.ar\/sitio\/wp-content\/uploads\/2020\/10\/fono-1.jpeg 1280w\" sizes=\"(max-width: 1000px) 100vw, 1000px\" \/><\/p>\n<p>Haz click sobre el archivo y descargue el dise\u00f1o curricular<\/td>\n<\/tr>\n<\/tbody>\n<\/table>\n","protected":false},"excerpt":{"rendered":"<p>Dise\u00f1os Curriculares Adjuntamos los dise\u00f1os curriculares de las carreras que ofrece nuestro Instituto Carreras Profesorado de Educaci\u00f3n Primaria Resoluci\u00f3n 4154\/2007\u00a0 &#8211; Plan de estudio en el link: https:\/\/drive.google.com\/file\/d\/1JROAKzjtNPzsVk8vritkQujsTYaUR-n6\/view?usp=sharing \u00a0 \u00a0 Profesorado de Educaci\u00f3n Inicial Resoluci\u00f3n 4154\/2007\u00a0 &#8211; Plan de estudio en el link: https:\/\/drive.google.com\/file\/d\/1JROAKzjtNPzsVk8vritkQujsTYaUR-n6\/view?usp=sharing \u00a0 \u00a0 Profesorado de Educaci\u00f3n Especial Resoluci\u00f3n 1009\/2009- Plan de estudio &#8230; <a title=\"Dise\u00f1os Curriculares\" class=\"read-more\" href=\"https:\/\/isfd9-bue.infd.edu.ar\/sitio\/disenos-curriculares\/\" aria-label=\"More on Dise\u00f1os Curriculares\">[+]<\/a><\/p>\n","protected":false},"author":124,"featured_media":0,"parent":0,"menu_order":0,"comment_status":"closed","ping_status":"closed","template":"","meta":[],"acf":[],"_links":{"self":[{"href":"https:\/\/isfd9-bue.infd.edu.ar\/sitio\/wp-json\/wp\/v2\/pages\/784"}],"collection":[{"href":"https:\/\/isfd9-bue.infd.edu.ar\/sitio\/wp-json\/wp\/v2\/pages"}],"about":[{"href":"https:\/\/isfd9-bue.infd.edu.ar\/sitio\/wp-json\/wp\/v2\/types\/page"}],"author":[{"embeddable":true,"href":"https:\/\/isfd9-bue.infd.edu.ar\/sitio\/wp-json\/wp\/v2\/users\/124"}],"replies":[{"embeddable":true,"href":"https:\/\/isfd9-bue.infd.edu.ar\/sitio\/wp-json\/wp\/v2\/comments?post=784"}],"version-history":[{"count":3,"href":"https:\/\/isfd9-bue.infd.edu.ar\/sitio\/wp-json\/wp\/v2\/pages\/784\/revisions"}],"predecessor-version":[{"id":4326,"href":"https:\/\/isfd9-bue.infd.edu.ar\/sitio\/wp-json\/wp\/v2\/pages\/784\/revisions\/4326"}],"wp:attachment":[{"href":"https:\/\/isfd9-bue.infd.edu.ar\/sitio\/wp-json\/wp\/v2\/media?parent=784"}],"curies":[{"name":"wp","href":"https:\/\/api.w.org\/{rel}","templated":true}]}}