{"id":5648,"date":"2025-05-16T18:30:44","date_gmt":"2025-05-16T21:30:44","guid":{"rendered":"https:\/\/isfd9-bue.infd.edu.ar\/sitio\/?page_id=5648"},"modified":"2025-10-23T11:17:20","modified_gmt":"2025-10-23T14:17:20","slug":"cronograma","status":"publish","type":"page","link":"https:\/\/isfd9-bue.infd.edu.ar\/sitio\/cronograma\/","title":{"rendered":"CRONOGRAMA"},"content":{"rendered":"<div class=\"wp-block-image\">\n<figure class=\"aligncenter size-full is-resized\"><img decoding=\"async\" loading=\"lazy\" src=\"https:\/\/isfd9-bue.infd.edu.ar\/sitio\/wp-content\/uploads\/2024\/09\/logo_i9_blanco-sin-fondo.png\" alt=\"\" class=\"wp-image-4948\" width=\"156\" height=\"184\"\/><\/figure><\/div>\n\n\n<h2 class=\"wp-block-heading has-text-align-center has-accent-color has-very-light-gray-to-cyan-bluish-gray-gradient-background has-text-color has-background\">CRONOGRAMA<br>CICLO LECTIVO 2025<\/h2>\n\n\n\n<p><\/p>\n\n\n\n<ul>\n<li>INSCRIPCI\u00d3N A LAS MESAS DE MARZO 2025: desde el 26 al 30\/12 (Por formulario Google)<br>Dicha inscripci\u00f3n ser\u00e1 v\u00e1lida para ambos llamados de feb-marzo2025-(La inscripci\u00f3n se<br>habilitar\u00e1 a las 8hs del 26\/12, y se cerrar\u00e1 a las 20 hs del 30\/12, sin excepci\u00f3n)<\/li>\n<\/ul>\n\n\n\n<ul>\n<li>Charla Informativa para ingresantes y mesas de trabajo por carreras:14 de marzo, sede 44.<\/li>\n<\/ul>\n\n\n\n<p class=\"has-text-align-center has-contrast-color has-very-light-gray-to-cyan-bluish-gray-gradient-background has-text-color has-background\"><strong>MESAS DE EX\u00c1MENES del 1er.TURNO: FEBRERO\/MARZO (DOS LLAMADOS excepcional<br>por transici\u00f3n al nuevo RAM, respetando acuerdos institucionales y resoluciones del CAI)<\/strong><\/p>\n\n\n\n<ul>\n<li>Primer Llamado:\u2026\u202617\u2026\u2026\u2026al\u2026\u202628\u2026de febrero \u2013PRESENCIAL &#8211; <\/li>\n\n\n\n<li>Segundo Llamado:\u2026\u2026\u2026\u202605\u2026\u2026\u2026al\u2026\u2026\u202611\u2026\u2026.de marzo-PRESENCIAL<\/li>\n<\/ul>\n\n\n\n<hr class=\"wp-block-separator has-alpha-channel-opacity\"\/>\n\n\n\n<h5 class=\"wp-block-heading has-text-align-center\"><strong>INSCRIPCI\u00d3N a las CURSADAS de 2\u00ba, 3\u00ba y 4\u00ba a\u00f1os: Semana del 10 al 13 de marzo de 2025<\/strong>.<\/h5>\n\n\n\n<ul>\n<li>Educaci\u00f3n Primaria, Inicial, Lengua y Literatura, Fonoaudiolog\u00eda: inscripci\u00f3n presencial.<\/li>\n\n\n\n<li>Psicopedagog\u00eda, y Especial: Inscripci\u00f3n Por formulario Google con atenci\u00f3n presencial en sedes ante cualquier inquietud.<\/li>\n<\/ul>\n\n\n\n<hr class=\"wp-block-separator has-alpha-channel-opacity\"\/>\n\n\n\n<h4 class=\"wp-block-heading\"><strong>INICIO DEL CICLO LECTIVO:<\/strong> 17\/03\/2025<\/h4>\n\n\n\n<h5 class=\"wp-block-heading has-text-align-center has-very-light-gray-to-cyan-bluish-gray-gradient-background has-background\">MESAS DE EX\u00c1MENES del 2do. TURNO: AGOSTO (UN LLAMADO)<\/h5>\n\n\n\n<ul>\n<li>INSCRIPCI\u00d3N: \u2026\u202623 al 27\/6\u2026\u2026\u2026. (por Formulario Google)<\/li>\n\n\n\n<li>1ra semana : \u2026\u2026\u2026\u2026\u202604\/8 al 8\/8\u2026\u2026\u2026\u2026.<\/li>\n\n\n\n<li>2da semana: \u2026\u2026\u2026\u2026\u2026\u202611\/8 al 15\/8\u2026\u2026\u2026\u2026\u2026\u2026\u2026\u2026<\/li>\n<\/ul>\n\n\n\n<hr class=\"wp-block-separator has-alpha-channel-opacity\"\/>\n\n\n\n<h5 class=\"wp-block-heading has-text-color\" style=\"color:#e52222\">RECESO de INVIERNO: \u2026\u2026\u2026\u2026\u2026\u202621\/07 al 1\/8\u2026\u2026\u2026\u2026\u2026<\/h5>\n\n\n\n<h4 class=\"wp-block-heading\">INICIO SEGUNDO CUATRIMESTRE: 18\/08\/2025.<\/h4>\n\n\n\n<h5 class=\"wp-block-heading has-text-align-center has-very-light-gray-to-cyan-bluish-gray-gradient-background has-background\">MESAS DE EX\u00c1MENES del 3er. TURNO: DICIEMBRE (UN LLAMADO)<\/h5>\n\n\n\n<ul>\n<li>INSCRIPCI\u00d3N A LAS MESAS: \u2026\u2026\u2026\u202610 al 14\/11\u2026\u2026\u2026\u2026\u2026\u2026.<\/li>\n\n\n\n<li style=\"font-style:normal;font-weight:900\">MESAS 1er. Semana(1\u00b0a\u00f1o): \u2026\u2026\u2026\u2026\u2026\u2026\u202624\/11 al 28\/11\u2026\u2026\u2026\u2026\u2026\u2026\u2026\u2026.  (EN REVISI\u00d3N)<\/li>\n\n\n\n<li>MESAS 2da.Semana (2\u00b0a\u00f1o): \u2026\u2026\u2026\u2026\u2026\u2026 1\/12 al 5\/12\u2026\u2026\u2026\u2026\u2026\u2026\u2026\u2026\u2026\u2026.<\/li>\n\n\n\n<li>MESAS 3er. Semana (3\u00b0a\u00f1o): \u2026\u2026\u2026\u2026.\u2026\u2026 9\/12 al 12\/12\u2026\u2026\u2026\u2026 (feriado del 8\/12 se traslada la mesa al 15\/12).<\/li>\n\n\n\n<li>MESAS 4ta. Semana (4\u00b0a\u00f1o): \u2026\u2026\u2026\u2026\u2026\u2026 15\/12 al 19\/12\u2026\u2026\u2026\u2026\u2026\u2026\u2026\u2026\u2026.<\/li>\n<\/ul>\n\n\n\n<h5 class=\"wp-block-heading has-text-align-center has-very-light-gray-to-cyan-bluish-gray-gradient-background has-background\"><strong>FINALIZACI\u00d3N DE LAS CURSADAS: 14\/11.<\/strong><\/h5>\n\n\n\n<h5 class=\"wp-block-heading has-text-align-center\" style=\"font-style:italic;font-weight:800;text-transform:uppercase\"><strong>SEMANA DE RECUPERACI\u00d3N FINAL (5ta fecha): \u2026\u202617 al 21\/11 (eN CASO DE EXISTIR FERIADO EN ESTA SEMANA, LA 5TA  FECHA SE TRASLADA A LA CLASE ANTERIOR. )<\/strong><\/h5>\n\n\n\n<h5 class=\"wp-block-heading has-text-align-center has-very-light-gray-to-cyan-bluish-gray-gradient-background has-background\">ENTREGA DE AVANCES ACAD\u00c9MICOS:<\/h5>\n\n\n\n<ul>\n<li>PRIMER CUATRIMESTRE: \u2026\u2026\u2026\u2026..\u20267 al 11\/7\u2026\u2026\u2026\u2026\u2026\u2026\u2026\u2026&#8230;.<\/li>\n\n\n\n<li>SEGUNDO CUATRIMESTRE: \u2026\u2026\u2026\u202617 al 21\/11\u2026\u2026\u2026\u2026\u2026\u2026\u2026\u2026.<\/li>\n<\/ul>\n","protected":false},"excerpt":{"rendered":"<p>CRONOGRAMACICLO LECTIVO 2025 MESAS DE EX\u00c1MENES del 1er.TURNO: FEBRERO\/MARZO (DOS LLAMADOS excepcionalpor transici\u00f3n al nuevo RAM, respetando acuerdos institucionales y resoluciones del CAI) INSCRIPCI\u00d3N a las CURSADAS de 2\u00ba, 3\u00ba y 4\u00ba a\u00f1os: Semana del 10 al 13 de marzo de 2025. INICIO DEL CICLO LECTIVO: 17\/03\/2025 MESAS DE EX\u00c1MENES del 2do. TURNO: AGOSTO (UN &#8230; <a title=\"CRONOGRAMA\" class=\"read-more\" href=\"https:\/\/isfd9-bue.infd.edu.ar\/sitio\/cronograma\/\" aria-label=\"More on CRONOGRAMA\">[+]<\/a><\/p>\n","protected":false},"author":145,"featured_media":0,"parent":0,"menu_order":0,"comment_status":"closed","ping_status":"closed","template":"","meta":[],"acf":[],"_links":{"self":[{"href":"https:\/\/isfd9-bue.infd.edu.ar\/sitio\/wp-json\/wp\/v2\/pages\/5648"}],"collection":[{"href":"https:\/\/isfd9-bue.infd.edu.ar\/sitio\/wp-json\/wp\/v2\/pages"}],"about":[{"href":"https:\/\/isfd9-bue.infd.edu.ar\/sitio\/wp-json\/wp\/v2\/types\/page"}],"author":[{"embeddable":true,"href":"https:\/\/isfd9-bue.infd.edu.ar\/sitio\/wp-json\/wp\/v2\/users\/145"}],"replies":[{"embeddable":true,"href":"https:\/\/isfd9-bue.infd.edu.ar\/sitio\/wp-json\/wp\/v2\/comments?post=5648"}],"version-history":[{"count":16,"href":"https:\/\/isfd9-bue.infd.edu.ar\/sitio\/wp-json\/wp\/v2\/pages\/5648\/revisions"}],"predecessor-version":[{"id":5960,"href":"https:\/\/isfd9-bue.infd.edu.ar\/sitio\/wp-json\/wp\/v2\/pages\/5648\/revisions\/5960"}],"wp:attachment":[{"href":"https:\/\/isfd9-bue.infd.edu.ar\/sitio\/wp-json\/wp\/v2\/media?parent=5648"}],"curies":[{"name":"wp","href":"https:\/\/api.w.org\/{rel}","templated":true}]}}