{"id":5600,"date":"2025-05-05T20:17:42","date_gmt":"2025-05-05T23:17:42","guid":{"rendered":"https:\/\/isfd9-bue.infd.edu.ar\/sitio\/?page_id=5600"},"modified":"2025-05-07T15:47:39","modified_gmt":"2025-05-07T18:47:39","slug":"inscripcion-ppc","status":"publish","type":"page","link":"https:\/\/isfd9-bue.infd.edu.ar\/sitio\/inscripcion-ppc\/","title":{"rendered":"INSCRIPCI\u00d3N PPC"},"content":{"rendered":"\n<p>INFORMACI\u00d3N IMPORTANTE<\/p>\n\n\n\n<h4 class=\"wp-block-heading has-text-align-center has-background\" style=\"background:linear-gradient(135deg,rgb(6,147,227) 0%,rgb(255,255,255) 19%,rgb(155,81,224) 100%)\">PARA LAS\/OS ESTUDIANTES INGRESANTES 2025 &#8211; I.S.F.D y T. N\u00b09 PFES (Profesorado de Educaci\u00f3n Especial)<\/h4>\n\n\n\n<ul>\n<li><strong><u>INICIO DE CURSADAS<\/u><\/strong>: La <strong>modalidad presencial plena (<\/strong>1\u00b0B-TM y 1\u00b0D-TV) inicia: 17 de marzo de 2025. En cambio, la <strong>modalidad presencial con PPC (Propuesta Pedag\u00f3gica Combinada)<\/strong> comienzan las cursadas la semana del 12 de mayo del 2025<a href=\"#_ftn1\" id=\"_ftnref1\"><sup>[1]<\/sup><\/a> (1\u00b0A-TM y 1\u00b0C-TT).<\/li>\n\n\n\n<li>En la <strong>modalidad presencia<\/strong>l <strong>plena<\/strong>, las mismas se llevar\u00e1n a cabo en la sede de calle 2 N\u00b0 727 e\/ 46 y 47.En el caso de la<strong> modalidad presencial con PPC (Propuesta Pedag\u00f3gica Combinada)<\/strong>, durante las semanas de encuentros se respeta la caja horaria (1\u00b0A-TM y 1\u00b0C-TT), ya no hablamos de \u201csemanas intensivas\u201d, sino de cursadas de manera presencial en dicha sede y se trabajar\u00e1 de manera sincr\u00f3nica y\/o asincr\u00f3nica entre encuentros, priorizando el uso del campus virtual (INFOD) como medio de trabajo institucional.<\/li>\n\n\n\n<li>Ser\u00e1 responsabilidad del\/la estudiante <strong>No <\/strong>generar superposici\u00f3n de horarios (en la franja horaria en la que se est\u00e1 inscribiendo) con sus obligaciones laborales, en caso de detectar dicha situaci\u00f3n,cada estudiante ser\u00e1 responsable de la misma, <strong>sin excepciones y en cualquier momento del a\u00f1o.<\/strong><\/li>\n\n\n\n<li>Ser\u00e1 responsabilidad del\/la estudiante tener presente el R\u00e9gimen de Correlatividades Vigente seg\u00fan su Plan de Estudios, la Res.4196\/24 (Las resoluciones se encuentran&nbsp; publicadas en el sitio web del Instituto.)<\/li>\n\n\n\n<li>En caso que el\/la estudiante rinda un final, adeudando su correlativa, el mismo ser\u00e1 anulado, debiendo rendir nuevamente cuando haya regularizado su situaci\u00f3n.<\/li>\n\n\n\n<li><strong>TRAFOS<\/strong>: Ser\u00e1n obligatorios. Se realizan entre 2do y 4to a\u00f1o. El\/la estudiante que termine de cursar 4to a\u00f1o y no haya cursado los mismos, no podr\u00e1 tramitar el t\u00edtulo hasta no regularizar dicha situaci\u00f3n.<\/li>\n\n\n\n<li>Campus Virtual (campus del INFOD): Se continuar\u00e1 trabajando sobre el mismo ya que es un insumo valioso para toda la comunidad educativa. Se informar\u00e1 oportunamente las fechas de inscripci\u00f3n.<\/li>\n\n\n\n<li>Se deja constancia que es de conocimiento de los\/as estudiantes, que las pr\u00e1cticas docentes de las carreras que se dictan en Turno Vespertino se cursar\u00e1n a contra turno. En el caso de la <strong>modalidad presencial con PPC (Propuesta Pedag\u00f3gica Combinada)<\/strong> tanto en 2do a\u00f1o (tronco com\u00fan) como en 3ero y 4to a\u00f1o del Profesorado de Educaci\u00f3n Especial en sus 4 orientaciones (Ciegos y Disminuidos Visuales, Sordos e Hipoac\u00fasicos, Disc. Intelectual y Disc. Neuromotora) el CPD (Campo de la Pr\u00e1ctica Docente), talleres, ateneos, seminarios \u2013seg\u00fan lo prescripto en el DC-ser\u00e1n cursadas de <strong>manera presencial<\/strong>, quedando en pleno conocimiento quienes cursen 1\u00b0 A y C con PPC, que en 2do, 3ero y 4to hay unidades curriculares que se cursar\u00e1n de manera presencial sin excepciones. En el caso de<strong> presencialidad plena<\/strong><strong>,<\/strong> 1\u00baB Y D, en 3ero y 4to (orientaciones) la cursada ser\u00e1 presencial con&nbsp; Propuesta Pedag\u00f3gica Combinada (PPC), donde habr\u00e1 unidades curriculares que se cursar\u00e1n de manera presencial seg\u00fan prescripto en el Dise\u00f1o Curricular.<\/li>\n\n\n\n<li>Se les recuerda que las constancias se solicitan en el turno de cursada, en forma presencial, y las mismas se retiran en los siguientes plazos:\n<ul>\n<li>Constancias de Alumno\/a regular: 48 hs h\u00e1biles \u2013 Descargar de la P\u00e1gina del Instituto<\/li>\n\n\n\n<li>Constancias de Alumno\/a regular: 48 hs h\u00e1biles \u2013 Descargar de la P\u00e1gina del Instituto<\/li>\n\n\n\n<li>Certificado Anal\u00edtico Incompleto: 4 d\u00edas h\u00e1biles (los mismos no se entregar\u00e1n actualizados durante los llamados de Mesas de ex\u00e1menes), explicitando el motivo de solicitud.<\/li>\n\n\n\n<li>-Certificado de T\u00edtulo en Tr\u00e1mite: 10 d\u00edas h\u00e1biles.<\/li>\n<\/ul>\n<\/li>\n<\/ul>\n\n\n\n<ul>\n<li>Durante el 2022 se iniciar\u00e1 de manera progresiva, la caducidad de las cursadas que se han ido postergando desde 2020, por ejemplo, si el espacio curricular venc\u00eda en 2020, se traslada su vencimiento a 2022, como \u00faltima fecha el turno de Feb\/Marzo 2023, as\u00ed como su correlativa temporal vencer\u00e1 en 2023, como \u00faltima fecha el turno de examen de Feb\/Marzo 2024; es decir, las cursadas 2015 vencer\u00e1n como \u00faltima fecha en Feb\/Marzo 2023 vencer\u00e1n como \u00faltima fecha en Feb\/Marzo 2024, las cursadas 2017 vencer\u00e1n como \u00faltima fecha en Feb\/Marzo 2025, las cursadas 2018 vencer\u00e1n como \u00faltima fecha en Feb\/Marzo 2026.<\/li>\n<\/ul>\n\n\n\n<hr class=\"wp-block-separator has-alpha-channel-opacity\"\/>\n\n\n<div class=\"wp-block-image\">\n<figure class=\"aligncenter size-full is-resized\"><img decoding=\"async\" loading=\"lazy\" src=\"https:\/\/isfd9-bue.infd.edu.ar\/sitio\/wp-content\/uploads\/2025\/05\/validez-cursada.jpg\" alt=\"\" class=\"wp-image-5601\" width=\"629\" height=\"521\"\/><\/figure><\/div>\n\n\n<ul>\n<li>Durante el ciclo lectivo 2025 tendr\u00e1 plena vigencia el nuevo r\u00e9gimen de correlatividades RSC-2023-52216278-GDEBA-DGCYE.<\/li>\n\n\n\n<li>EN RELACI\u00d3N AL USO RESPONSABLE DE LA TECNOLOG\u00cdA Y LAS REDES SOCIALES. Sabemos que el uso de las redes sociales en todos los \u00e1mbitos, se ha convertido en una de las formas de comunicaci\u00f3n m\u00e1s usada por todos\/as nosotros\/as. Por lo tanto es de suma importancia estar atento a la informaci\u00f3n que se publica, ya que puede perjudicar a otros\/as o ser utilizada de forma malintencionada. Grooming, ciberbullying, tecno adicci\u00f3n son t\u00e9rminos con los cuales estamos cada vez m\u00e1s relacionados. El acceso masivo de las personas a las redes sociales, conlleva, en ocasiones, a una p\u00e9rdida de su intimidad y su privacidad y tambi\u00e9n, la de otros\/as. Es imprescindible concientizar sobre la importancia de protegerse y protegernos, manteniendo los perfiles privados. Se les notifica pues, ustedes son plenamente responsables del uso de la tecnolog\u00eda que hacen bajo su responsabilidad.<\/li>\n<\/ul>\n\n\n\n<ul>\n<li>Tenemos que recordar que \u201cInternet no olvida\u201d, as\u00ed que no est\u00e1 dem\u00e1s recordar que debemos actuar con compa\u00f1erismo y responsabilidad cuando publicamos algo, ya sea a trav\u00e9s de videos o fotos o escribiendo comentarios. Cualquier publicaci\u00f3n es susceptible de viralizarse y tambi\u00e9n, es susceptible de ser sacada de contexto, generando graves consecuencias.<\/li>\n<\/ul>\n\n\n\n<ul>\n<li>Se informa que, en la instituci\u00f3n, no podr\u00e1n ingresar ni permanecer personas ajenas a la misma, ni permanecer en ella menores de edad.<\/li>\n<\/ul>\n\n\n\n<hr class=\"wp-block-separator has-alpha-channel-opacity\"\/>\n\n\n\n<figure class=\"wp-block-image alignwide size-large\"><img decoding=\"async\" loading=\"lazy\" width=\"1154\" height=\"1900\" src=\"https:\/\/isfd9-bue.infd.edu.ar\/sitio\/wp-content\/uploads\/2025\/05\/CRONOGRAMA-DE-ENCUENTROS-PPC-1oA-y-1\u00b0-C_page-0001-1154x1900.jpg\" alt=\"\" class=\"wp-image-5609\" srcset=\"https:\/\/isfd9-bue.infd.edu.ar\/sitio\/wp-content\/uploads\/2025\/05\/CRONOGRAMA-DE-ENCUENTROS-PPC-1oA-y-1\u00b0-C_page-0001-1154x1900.jpg 1154w, https:\/\/isfd9-bue.infd.edu.ar\/sitio\/wp-content\/uploads\/2025\/05\/CRONOGRAMA-DE-ENCUENTROS-PPC-1oA-y-1\u00b0-C_page-0001-607x1000.jpg 607w, https:\/\/isfd9-bue.infd.edu.ar\/sitio\/wp-content\/uploads\/2025\/05\/CRONOGRAMA-DE-ENCUENTROS-PPC-1oA-y-1\u00b0-C_page-0001-768x1265.jpg 768w, https:\/\/isfd9-bue.infd.edu.ar\/sitio\/wp-content\/uploads\/2025\/05\/CRONOGRAMA-DE-ENCUENTROS-PPC-1oA-y-1\u00b0-C_page-0001-933x1536.jpg 933w, https:\/\/isfd9-bue.infd.edu.ar\/sitio\/wp-content\/uploads\/2025\/05\/CRONOGRAMA-DE-ENCUENTROS-PPC-1oA-y-1\u00b0-C_page-0001-1243x2048.jpg 1243w, https:\/\/isfd9-bue.infd.edu.ar\/sitio\/wp-content\/uploads\/2025\/05\/CRONOGRAMA-DE-ENCUENTROS-PPC-1oA-y-1\u00b0-C_page-0001.jpg 1275w\" sizes=\"(max-width: 1154px) 100vw, 1154px\" \/><\/figure>\n\n\n\n<hr class=\"wp-block-separator has-alpha-channel-opacity\"\/>\n\n\n\n<h2 class=\"wp-block-heading has-text-align-center has-background\" style=\"background:linear-gradient(135deg,rgb(6,147,227) 0%,rgb(255,255,255) 62%,rgb(155,81,224) 100%)\">HORARIOS<\/h2>\n\n\n<div class=\"wp-block-image\">\n<figure class=\"aligncenter size-full\"><img decoding=\"async\" loading=\"lazy\" width=\"1092\" height=\"822\" src=\"https:\/\/isfd9-bue.infd.edu.ar\/sitio\/wp-content\/uploads\/2025\/05\/caja-horarios-1aA-1.jpg\" alt=\"\" class=\"wp-image-5622\" srcset=\"https:\/\/isfd9-bue.infd.edu.ar\/sitio\/wp-content\/uploads\/2025\/05\/caja-horarios-1aA-1.jpg 1092w, https:\/\/isfd9-bue.infd.edu.ar\/sitio\/wp-content\/uploads\/2025\/05\/caja-horarios-1aA-1-1000x753.jpg 1000w, https:\/\/isfd9-bue.infd.edu.ar\/sitio\/wp-content\/uploads\/2025\/05\/caja-horarios-1aA-1-768x578.jpg 768w\" sizes=\"(max-width: 1092px) 100vw, 1092px\" \/><\/figure><\/div>\n\n\n<hr class=\"wp-block-separator has-alpha-channel-opacity\"\/>\n\n\n<div class=\"wp-block-image\">\n<figure class=\"aligncenter size-full\"><img decoding=\"async\" loading=\"lazy\" width=\"1100\" height=\"1091\" src=\"https:\/\/isfd9-bue.infd.edu.ar\/sitio\/wp-content\/uploads\/2025\/05\/caja-horarios-1a-C-1.jpg\" alt=\"\" class=\"wp-image-5623\" srcset=\"https:\/\/isfd9-bue.infd.edu.ar\/sitio\/wp-content\/uploads\/2025\/05\/caja-horarios-1a-C-1.jpg 1100w, https:\/\/isfd9-bue.infd.edu.ar\/sitio\/wp-content\/uploads\/2025\/05\/caja-horarios-1a-C-1-1000x992.jpg 1000w, https:\/\/isfd9-bue.infd.edu.ar\/sitio\/wp-content\/uploads\/2025\/05\/caja-horarios-1a-C-1-768x762.jpg 768w\" sizes=\"(max-width: 1100px) 100vw, 1100px\" \/><\/figure><\/div>\n\n\n<hr class=\"wp-block-separator has-alpha-channel-opacity\"\/>\n\n\n\n<h3 class=\"wp-block-heading has-text-align-center has-background\" style=\"background:linear-gradient(135deg,rgb(6,147,227) 0%,rgb(255,255,255) 32%,rgb(155,81,224) 100%)\">Completar formulario para la inscripci\u00f3n<\/h3>\n\n\n\n<div class=\"wp-block-buttons is-content-justification-center is-layout-flex wp-container-1\">\n<div class=\"wp-block-button\"><a class=\"wp-block-button__link wp-element-button\" href=\"https:\/\/docs.google.com\/forms\/d\/e\/1FAIpQLScggurESbI9YcwkinN1wCrecPfRq2F7H6UKkXPy-kW0F0Y-yQ\/viewform?usp=header\">Formulario de Inscripci\u00f3n<\/a><\/div>\n<\/div>\n","protected":false},"excerpt":{"rendered":"<p>INFORMACI\u00d3N IMPORTANTE PARA LAS\/OS ESTUDIANTES INGRESANTES 2025 &#8211; I.S.F.D y T. N\u00b09 PFES (Profesorado de Educaci\u00f3n Especial) HORARIOS Completar formulario para la inscripci\u00f3n<\/p>\n","protected":false},"author":145,"featured_media":0,"parent":0,"menu_order":0,"comment_status":"closed","ping_status":"closed","template":"","meta":[],"acf":[],"_links":{"self":[{"href":"https:\/\/isfd9-bue.infd.edu.ar\/sitio\/wp-json\/wp\/v2\/pages\/5600"}],"collection":[{"href":"https:\/\/isfd9-bue.infd.edu.ar\/sitio\/wp-json\/wp\/v2\/pages"}],"about":[{"href":"https:\/\/isfd9-bue.infd.edu.ar\/sitio\/wp-json\/wp\/v2\/types\/page"}],"author":[{"embeddable":true,"href":"https:\/\/isfd9-bue.infd.edu.ar\/sitio\/wp-json\/wp\/v2\/users\/145"}],"replies":[{"embeddable":true,"href":"https:\/\/isfd9-bue.infd.edu.ar\/sitio\/wp-json\/wp\/v2\/comments?post=5600"}],"version-history":[{"count":9,"href":"https:\/\/isfd9-bue.infd.edu.ar\/sitio\/wp-json\/wp\/v2\/pages\/5600\/revisions"}],"predecessor-version":[{"id":5626,"href":"https:\/\/isfd9-bue.infd.edu.ar\/sitio\/wp-json\/wp\/v2\/pages\/5600\/revisions\/5626"}],"wp:attachment":[{"href":"https:\/\/isfd9-bue.infd.edu.ar\/sitio\/wp-json\/wp\/v2\/media?parent=5600"}],"curies":[{"name":"wp","href":"https:\/\/api.w.org\/{rel}","templated":true}]}}