{"id":5469,"date":"2025-04-04T20:50:02","date_gmt":"2025-04-04T23:50:02","guid":{"rendered":"https:\/\/isfd9-bue.infd.edu.ar\/sitio\/?page_id=5469"},"modified":"2025-10-07T15:28:47","modified_gmt":"2025-10-07T18:28:47","slug":"cooperadora","status":"publish","type":"page","link":"https:\/\/isfd9-bue.infd.edu.ar\/sitio\/cooperadora\/","title":{"rendered":"COOPERADORA"},"content":{"rendered":"\n<p>Una&nbsp;<strong>Asociaci\u00f3n<\/strong><strong> <\/strong><strong>Cooperadora<\/strong>&nbsp;es una asociaci\u00f3n sin fines de lucro que suma voluntades de todas y todos sus participantes para fomentar, incentivar y articular distintas acciones que aporten a mejorar la calidad de la educaci\u00f3n. Se encuentra integrada por la Comunidad Educativa, aportando su tiempo y compromiso para trabajar por el bienestar de los\/as Estudiantes del Instituto.<\/p>\n\n\n\n<p>&nbsp;A trav\u00e9s de una cuota societaria o donaciones, la asociaci\u00f3n realiza aportes que permiten al establecimiento el desarrollo de distintos proyectos. Esto permite hacer frente a las necesidades institucionales de higiene y funcionamiento administrativo a la vez que opera como instancia de sostenimiento solidario y de acompa\u00f1amiento de aquellas\/os que por su situaci\u00f3n socio-econ\u00f3mica m\u00e1s lo requieran.<\/p>\n\n\n\n<figure class=\"wp-block-image alignwide size-full\"><img decoding=\"async\" loading=\"lazy\" width=\"537\" height=\"374\" src=\"https:\/\/isfd9-bue.infd.edu.ar\/sitio\/wp-content\/uploads\/2025\/04\/COOP.jpg\" alt=\"\" class=\"wp-image-5470\"\/><\/figure>\n\n\n\n<h2 class=\"wp-block-heading has-text-align-center has-base-color has-text-color has-background\" style=\"background-color:#dd9154\">Acciones Concretas, Beneficios Reales.<\/h2>\n\n\n\n<p class=\"has-text-align-center\">Cada labor realizada cont\u00f3 con la presencia del presidente de la cooperadora y el asesoramiento de las autoridades correspondientes.<\/p>\n\n\n<div id=\"metaslider-id-5787\" style=\"width: 100%; margin: 0 auto;\" class=\"ml-slider-3-33-0 metaslider metaslider-flex metaslider-5787 ml-slider ms-theme-default\" role=\"region\" aria-roledescription=\"Slideshow\" aria-label=\"Esi\">\n    <div id=\"metaslider_container_5787\">\n        <div id=\"metaslider_5787\" class=\"flexslider\">\n            <ul aria-live=\"polite\" class=\"slides\">\n                <li style=\"display: block; width: 100%;\" class=\"slide-5834 ms-image\" aria-roledescription=\"slide\" aria-label=\"slide-5834\"><img src=\"https:\/\/isfd9-bue.infd.edu.ar\/sitio\/wp-content\/uploads\/2025\/07\/Estado-Sector-Caldera-Antes-1-800x600.jpeg\" height=\"600\" width=\"800\" alt=\"\" class=\"slider-5787 slide-5834\" title=\"Estado Sector Caldera Antes (1)\" \/><\/li>\n                <li style=\"display: none; width: 100%;\" class=\"slide-5835 ms-image\" aria-roledescription=\"slide\" aria-label=\"slide-5835\"><img src=\"https:\/\/isfd9-bue.infd.edu.ar\/sitio\/wp-content\/uploads\/2025\/07\/Estado-Sector-Caldera-Despues-1-800x600.jpeg\" height=\"600\" width=\"800\" alt=\"\" class=\"slider-5787 slide-5835\" title=\"Estado Sector Caldera Despues (1)\" \/><\/li>\n                <li style=\"display: none; width: 100%;\" class=\"slide-5836 ms-image\" aria-roledescription=\"slide\" aria-label=\"slide-5836\"><img src=\"https:\/\/isfd9-bue.infd.edu.ar\/sitio\/wp-content\/uploads\/2025\/07\/Estado-Sector-Caldera-Despues-2-800x600.jpeg\" height=\"600\" width=\"800\" alt=\"\" class=\"slider-5787 slide-5836\" title=\"Estado Sector Caldera Despues (2)\" \/><\/li>\n                <li style=\"display: none; width: 100%;\" class=\"slide-5824 ms-image\" aria-roledescription=\"slide\" aria-label=\"slide-5824\"><img src=\"https:\/\/isfd9-bue.infd.edu.ar\/sitio\/wp-content\/uploads\/2025\/07\/Baranda-de-Seguridad-Sede-44-1-800x600.jpeg\" height=\"600\" width=\"800\" alt=\"\" class=\"slider-5787 slide-5824\" title=\"Baranda de Seguridad Sede 44 (1)\" \/><\/li>\n                <li style=\"display: none; width: 100%;\" class=\"slide-5825 ms-image\" aria-roledescription=\"slide\" aria-label=\"slide-5825\"><img src=\"https:\/\/isfd9-bue.infd.edu.ar\/sitio\/wp-content\/uploads\/2025\/07\/Baranda-de-Seguridad-Sede-44-2-800x600.jpeg\" height=\"600\" width=\"800\" alt=\"\" class=\"slider-5787 slide-5825\" title=\"Baranda de Seguridad Sede 44 (2)\" \/><\/li>\n                <li style=\"display: none; width: 100%;\" class=\"slide-5826 ms-image\" aria-roledescription=\"slide\" aria-label=\"slide-5826\"><img src=\"https:\/\/isfd9-bue.infd.edu.ar\/sitio\/wp-content\/uploads\/2025\/07\/Estado-Canaletas-Sede-Especial-Antes-1-800x600.jpeg\" height=\"600\" width=\"800\" alt=\"\" class=\"slider-5787 slide-5826\" title=\"Estado Canaletas Sede Especial - Antes (1)\" \/><\/li>\n                <li style=\"display: none; width: 100%;\" class=\"slide-5827 ms-image\" aria-roledescription=\"slide\" aria-label=\"slide-5827\"><img src=\"https:\/\/isfd9-bue.infd.edu.ar\/sitio\/wp-content\/uploads\/2025\/07\/Estado-Canaletas-Sede-Especial-Antes-2-800x600.jpeg\" height=\"600\" width=\"800\" alt=\"\" class=\"slider-5787 slide-5827\" title=\"Estado Canaletas Sede Especial - Antes (2)\" \/><\/li>\n                <li style=\"display: none; width: 100%;\" class=\"slide-5828 ms-image\" aria-roledescription=\"slide\" aria-label=\"slide-5828\"><img src=\"https:\/\/isfd9-bue.infd.edu.ar\/sitio\/wp-content\/uploads\/2025\/07\/Estado-Canaletas-Sede-Especial-Antes-3-800x600.jpeg\" height=\"600\" width=\"800\" alt=\"\" class=\"slider-5787 slide-5828\" title=\"Estado Canaletas Sede Especial - Antes (3)\" \/><\/li>\n                <li style=\"display: none; width: 100%;\" class=\"slide-5829 ms-image\" aria-roledescription=\"slide\" aria-label=\"slide-5829\"><img src=\"https:\/\/isfd9-bue.infd.edu.ar\/sitio\/wp-content\/uploads\/2025\/07\/Estado-Canaletas-Sede-Especial-Despues-1-800x600.jpeg\" height=\"600\" width=\"800\" alt=\"\" class=\"slider-5787 slide-5829\" title=\"Estado Canaletas Sede Especial - Despues (1)\" \/><\/li>\n                <li style=\"display: none; width: 100%;\" class=\"slide-5830 ms-image\" aria-roledescription=\"slide\" aria-label=\"slide-5830\"><img src=\"https:\/\/isfd9-bue.infd.edu.ar\/sitio\/wp-content\/uploads\/2025\/07\/Estado-Canaletas-Sede-Especial-Despues-2-800x600.jpeg\" height=\"600\" width=\"800\" alt=\"\" class=\"slider-5787 slide-5830\" title=\"Estado Canaletas Sede Especial - Despues (2)\" \/><\/li>\n                <li style=\"display: none; width: 100%;\" class=\"slide-5831 ms-image\" aria-roledescription=\"slide\" aria-label=\"slide-5831\"><img src=\"https:\/\/isfd9-bue.infd.edu.ar\/sitio\/wp-content\/uploads\/2025\/07\/Estado-Canaletas-Sede-Especial-Despues-3-800x600.jpeg\" height=\"600\" width=\"800\" alt=\"\" class=\"slider-5787 slide-5831\" title=\"Estado Canaletas Sede Especial - Despues (3)\" \/><\/li>\n                <li style=\"display: none; width: 100%;\" class=\"slide-5856 ms-image\" aria-roledescription=\"slide\" aria-label=\"slide-5856\"><img src=\"https:\/\/isfd9-bue.infd.edu.ar\/sitio\/wp-content\/uploads\/2025\/07\/Estado-Electrico-Aula-1-Sede-44-Antes-1-800x600.jpeg\" height=\"600\" width=\"800\" alt=\"\" class=\"slider-5787 slide-5856\" title=\"Estado Electrico Aula 1 Sede 44 - Antes\" \/><\/li>\n                <li style=\"display: none; width: 100%;\" class=\"slide-5833 ms-image\" aria-roledescription=\"slide\" aria-label=\"slide-5833\"><img src=\"https:\/\/isfd9-bue.infd.edu.ar\/sitio\/wp-content\/uploads\/2025\/07\/Estado-Electrico-Aula-1-Sede-44-Despues-800x600.jpeg\" height=\"600\" width=\"800\" alt=\"\" class=\"slider-5787 slide-5833\" title=\"Estado Electrico Aula 1 Sede 44 - Despues\" \/><\/li>\n                <li style=\"display: none; width: 100%;\" class=\"slide-5837 ms-image\" aria-roledescription=\"slide\" aria-label=\"slide-5837\"><img src=\"https:\/\/isfd9-bue.infd.edu.ar\/sitio\/wp-content\/uploads\/2025\/07\/Frente-Sede-Especial-Antes-800x600.jpeg\" height=\"600\" width=\"800\" alt=\"\" class=\"slider-5787 slide-5837\" title=\"Frente Sede Especial - Antes\" \/><\/li>\n                <li style=\"display: none; width: 100%;\" class=\"slide-5839 ms-image\" aria-roledescription=\"slide\" aria-label=\"slide-5839\"><img src=\"https:\/\/isfd9-bue.infd.edu.ar\/sitio\/wp-content\/uploads\/2025\/07\/Frente-Sede-Especial-Despues-2-800x600.jpeg\" height=\"600\" width=\"800\" alt=\"\" class=\"slider-5787 slide-5839\" title=\"Frente Sede Especial - Despues (2)\" \/><\/li>\n                <li style=\"display: none; width: 100%;\" class=\"slide-5838 ms-image\" aria-roledescription=\"slide\" aria-label=\"slide-5838\"><img src=\"https:\/\/isfd9-bue.infd.edu.ar\/sitio\/wp-content\/uploads\/2025\/07\/Frente-Sede-Especial-Despues-1-800x600.jpeg\" height=\"600\" width=\"800\" alt=\"\" class=\"slider-5787 slide-5838\" title=\"Frente Sede Especial - Despues (1)\" \/><\/li>\n                <li style=\"display: none; width: 100%;\" class=\"slide-5841 ms-image\" aria-roledescription=\"slide\" aria-label=\"slide-5841\"><img src=\"https:\/\/isfd9-bue.infd.edu.ar\/sitio\/wp-content\/uploads\/2025\/07\/Proyector-Placa-Danada-44-800x600.jpeg\" height=\"600\" width=\"800\" alt=\"\" class=\"slider-5787 slide-5841\" title=\"Proyector Placa Da\u00f1ada 44\" \/><\/li>\n                <li style=\"display: none; width: 100%;\" class=\"slide-5840 ms-image\" aria-roledescription=\"slide\" aria-label=\"slide-5840\"><img src=\"https:\/\/isfd9-bue.infd.edu.ar\/sitio\/wp-content\/uploads\/2025\/07\/Proyector-Arreglado-y-funcionando-44-800x600.jpeg\" height=\"600\" width=\"800\" alt=\"\" class=\"slider-5787 slide-5840\" title=\"Proyector Arreglado y funcionando 44\" \/><\/li>\n                <li style=\"display: none; width: 100%;\" class=\"slide-5842 ms-image\" aria-roledescription=\"slide\" aria-label=\"slide-5842\"><img src=\"https:\/\/isfd9-bue.infd.edu.ar\/sitio\/wp-content\/uploads\/2025\/07\/Corte-de-Ramas-Sede-Especial-1-800x600.jpeg\" height=\"600\" width=\"800\" alt=\"\" class=\"slider-5787 slide-5842\" title=\"Corte de Ramas Sede Especial (1)\" \/><\/li>\n                <li style=\"display: none; width: 100%;\" class=\"slide-5843 ms-image\" aria-roledescription=\"slide\" aria-label=\"slide-5843\"><img src=\"https:\/\/isfd9-bue.infd.edu.ar\/sitio\/wp-content\/uploads\/2025\/07\/Corte-de-Ramas-Sede-Especial-2-800x600.jpeg\" height=\"600\" width=\"800\" alt=\"\" class=\"slider-5787 slide-5843\" title=\"Corte de Ramas Sede Especial (2)\" \/><\/li>\n                <li style=\"display: none; width: 100%;\" class=\"slide-5844 ms-image\" aria-roledescription=\"slide\" aria-label=\"slide-5844\"><img src=\"https:\/\/isfd9-bue.infd.edu.ar\/sitio\/wp-content\/uploads\/2025\/07\/Estado-Aula-6-Sede-Especial-Antes-800x600.jpeg\" height=\"600\" width=\"800\" alt=\"\" class=\"slider-5787 slide-5844\" title=\"Estado Aula 6 Sede Especial - Antes\" \/><\/li>\n                <li style=\"display: none; width: 100%;\" class=\"slide-5845 ms-image\" aria-roledescription=\"slide\" aria-label=\"slide-5845\"><img src=\"https:\/\/isfd9-bue.infd.edu.ar\/sitio\/wp-content\/uploads\/2025\/07\/Estado-Aula-8-Despues-800x600.jpeg\" height=\"600\" width=\"800\" alt=\"\" class=\"slider-5787 slide-5845\" title=\"Estado Aula 8 - Despues\" \/><\/li>\n                <li style=\"display: none; width: 100%;\" class=\"slide-5846 ms-image\" aria-roledescription=\"slide\" aria-label=\"slide-5846\"><img src=\"https:\/\/isfd9-bue.infd.edu.ar\/sitio\/wp-content\/uploads\/2025\/07\/Estado-de-Aula-6-y-7-Sede-Especial-Despues-1-800x600.jpeg\" height=\"600\" width=\"800\" alt=\"\" class=\"slider-5787 slide-5846\" title=\"Estado de Aula 6 y 7 Sede Especial - Despues (1)\" \/><\/li>\n                <li style=\"display: none; width: 100%;\" class=\"slide-5847 ms-image\" aria-roledescription=\"slide\" aria-label=\"slide-5847\"><img src=\"https:\/\/isfd9-bue.infd.edu.ar\/sitio\/wp-content\/uploads\/2025\/07\/Estado-de-Aula-6-y-7-Sede-Especial-Despues-2-800x600.jpeg\" height=\"600\" width=\"800\" alt=\"\" class=\"slider-5787 slide-5847\" title=\"Estado de Aula 6 y 7 Sede Especial - Despues (2)\" \/><\/li>\n                <li style=\"display: none; width: 100%;\" class=\"slide-5848 ms-image\" aria-roledescription=\"slide\" aria-label=\"slide-5848\"><img src=\"https:\/\/isfd9-bue.infd.edu.ar\/sitio\/wp-content\/uploads\/2025\/07\/Estado-de-Aula-6-y-7-Sede-Especial-Despues-3-800x600.jpeg\" height=\"600\" width=\"800\" alt=\"\" class=\"slider-5787 slide-5848\" title=\"Estado de Aula 6 y 7 Sede Especial - Despues (3)\" \/><\/li>\n                <li style=\"display: none; width: 100%;\" class=\"slide-5849 ms-image\" aria-roledescription=\"slide\" aria-label=\"slide-5849\"><img src=\"https:\/\/isfd9-bue.infd.edu.ar\/sitio\/wp-content\/uploads\/2025\/07\/Estado-Subsuelo-Especial-Despues-800x600.jpeg\" height=\"600\" width=\"800\" alt=\"\" class=\"slider-5787 slide-5849\" title=\"Estado Subsuelo Especial - Despues\" \/><\/li>\n                <li style=\"display: none; width: 100%;\" class=\"slide-5850 ms-image\" aria-roledescription=\"slide\" aria-label=\"slide-5850\"><img src=\"https:\/\/isfd9-bue.infd.edu.ar\/sitio\/wp-content\/uploads\/2025\/07\/Compra-de-10-Estufas-Sede-Especial-800x600.jpeg\" height=\"600\" width=\"800\" alt=\"\" class=\"slider-5787 slide-5850\" title=\"Compra de 10 Estufas Sede Especial\" \/><\/li>\n                <li style=\"display: none; width: 100%;\" class=\"slide-5858 ms-image\" aria-roledescription=\"slide\" aria-label=\"slide-5858\"><img src=\"https:\/\/isfd9-bue.infd.edu.ar\/sitio\/wp-content\/uploads\/2025\/07\/Estufa-Sede-Especial-1-800x600.jpeg\" height=\"600\" width=\"800\" alt=\"\" class=\"slider-5787 slide-5858\" title=\"Estufa Sede Especial\" \/><\/li>\n                <li style=\"display: none; width: 100%;\" class=\"slide-5851 ms-image\" aria-roledescription=\"slide\" aria-label=\"slide-5851\"><img src=\"https:\/\/isfd9-bue.infd.edu.ar\/sitio\/wp-content\/uploads\/2025\/07\/Material-de-Higiene-4-Sedes-800x600.jpeg\" height=\"600\" width=\"800\" alt=\"\" class=\"slider-5787 slide-5851\" title=\"Material de Higiene 4 Sedes\" \/><\/li>\n                <li style=\"display: none; width: 100%;\" class=\"slide-5852 ms-image\" aria-roledescription=\"slide\" aria-label=\"slide-5852\"><img src=\"https:\/\/isfd9-bue.infd.edu.ar\/sitio\/wp-content\/uploads\/2025\/07\/Material-de-Limpieza-4-Sedes-800x600.jpeg\" height=\"600\" width=\"800\" alt=\"\" class=\"slider-5787 slide-5852\" title=\"Material de Limpieza 4 Sedes\" \/><\/li>\n                <li style=\"display: none; width: 100%;\" class=\"slide-5853 ms-image\" aria-roledescription=\"slide\" aria-label=\"slide-5853\"><img src=\"https:\/\/isfd9-bue.infd.edu.ar\/sitio\/wp-content\/uploads\/2025\/07\/Recursos-Administrativos-4-Sedes-800x600.jpeg\" height=\"600\" width=\"800\" alt=\"\" class=\"slider-5787 slide-5853\" title=\"Recursos Administrativos 4 Sedes\" \/><\/li>\n                <li style=\"display: none; width: 100%;\" class=\"slide-5854 ms-image\" aria-roledescription=\"slide\" aria-label=\"slide-5854\"><img src=\"https:\/\/isfd9-bue.infd.edu.ar\/sitio\/wp-content\/uploads\/2025\/07\/Resmas-A4-y-Oficio-800x600.jpeg\" height=\"600\" width=\"800\" alt=\"\" class=\"slider-5787 slide-5854\" title=\"Resmas A4 y Oficio\" \/><\/li>\n            <\/ul>\n        <\/div>\n        \n    <\/div>\n<\/div>\n\n\n\n<p class=\"has-text-align-center\"><strong><u>\u00bfC\u00f3mo Colaborar?<\/u><\/strong><\/p>\n\n\n\n<p class=\"has-text-align-center\"><strong>Cuota Societaria Anual de $10.000<\/strong><\/p>\n\n\n\n<p class=\"has-text-align-center\"><strong>2 Cuotas por Cuatrimestre de $5.000<\/strong><\/p>\n\n\n\n<p class=\"has-text-align-center\">El pago se realiza v\u00eda efectivo o transferencia, ambos al abonar se entrega el bono contribuci\u00f3n<\/p>\n\n\n\n<p class=\"has-text-align-center\"><strong>Pago v\u00eda transferencia al CBU\/ALIAS de la Cooperadora I.S.F.D y T N\u00b09 mediante<\/strong>:<\/p>\n\n\n\n<p class=\"has-text-align-center\"><strong>* Cuenta Mercado Pago u otra Billetera Virtual<\/strong><\/p>\n\n\n\n<p class=\"has-text-align-center\"><strong>* Cuenta DNI Bco. Provincia<\/strong><\/p>\n\n\n\n<p class=\"has-text-align-center\"><strong>* Home Banking\/App de cualquier Banco<\/strong><\/p>\n\n\n\n<pre class=\"wp-block-preformatted\"><strong>DATOS DE CUENTA DE LA COOPERADORA I<\/strong><strong>.<\/strong><strong>S<\/strong><strong>.<\/strong><strong>F<\/strong><strong>.<\/strong><strong>D<\/strong><strong> y T<\/strong><strong> <\/strong><strong>N\u00b09<\/strong><\/pre>\n\n\n\n<pre class=\"wp-block-preformatted\"><strong>Banco Provincia de Bs.As<\/strong><\/pre>\n\n\n\n<pre class=\"wp-block-preformatted\"><strong>Titular: <\/strong>Asoc Coop Inst De Formacion Docente N9<\/pre>\n\n\n\n<pre class=\"wp-block-preformatted\"><strong>CUIL\/CUIT: <\/strong>30-68483623-0<\/pre>\n\n\n\n<pre class=\"wp-block-preformatted\"><strong>CBU Alias<\/strong>: LAGUNA.PERRO.MIRADA<\/pre>\n\n\n\n<p><strong><u>CORREO DE CONTACTO:<\/u><\/strong>&nbsp;&nbsp;&nbsp;&nbsp;&nbsp;&nbsp;&nbsp;&nbsp;&nbsp;&nbsp;&nbsp; <strong>instituto9cooperadora@gmail.com<\/strong><strong><\/strong><\/p>\n","protected":false},"excerpt":{"rendered":"<p>Una&nbsp;Asociaci\u00f3n Cooperadora&nbsp;es una asociaci\u00f3n sin fines de lucro que suma voluntades de todas y todos sus participantes para fomentar, incentivar y articular distintas acciones que aporten a mejorar la calidad de la educaci\u00f3n. Se encuentra integrada por la Comunidad Educativa, aportando su tiempo y compromiso para trabajar por el bienestar de los\/as Estudiantes del Instituto. &#8230; <a title=\"COOPERADORA\" class=\"read-more\" href=\"https:\/\/isfd9-bue.infd.edu.ar\/sitio\/cooperadora\/\" aria-label=\"More on COOPERADORA\">[+]<\/a><\/p>\n","protected":false},"author":145,"featured_media":0,"parent":0,"menu_order":0,"comment_status":"closed","ping_status":"closed","template":"","meta":[],"acf":[],"_links":{"self":[{"href":"https:\/\/isfd9-bue.infd.edu.ar\/sitio\/wp-json\/wp\/v2\/pages\/5469"}],"collection":[{"href":"https:\/\/isfd9-bue.infd.edu.ar\/sitio\/wp-json\/wp\/v2\/pages"}],"about":[{"href":"https:\/\/isfd9-bue.infd.edu.ar\/sitio\/wp-json\/wp\/v2\/types\/page"}],"author":[{"embeddable":true,"href":"https:\/\/isfd9-bue.infd.edu.ar\/sitio\/wp-json\/wp\/v2\/users\/145"}],"replies":[{"embeddable":true,"href":"https:\/\/isfd9-bue.infd.edu.ar\/sitio\/wp-json\/wp\/v2\/comments?post=5469"}],"version-history":[{"count":5,"href":"https:\/\/isfd9-bue.infd.edu.ar\/sitio\/wp-json\/wp\/v2\/pages\/5469\/revisions"}],"predecessor-version":[{"id":5951,"href":"https:\/\/isfd9-bue.infd.edu.ar\/sitio\/wp-json\/wp\/v2\/pages\/5469\/revisions\/5951"}],"wp:attachment":[{"href":"https:\/\/isfd9-bue.infd.edu.ar\/sitio\/wp-json\/wp\/v2\/media?parent=5469"}],"curies":[{"name":"wp","href":"https:\/\/api.w.org\/{rel}","templated":true}]}}