{"id":3197,"date":"2023-03-13T20:46:04","date_gmt":"2023-03-13T23:46:04","guid":{"rendered":"https:\/\/isfd9-bue.infd.edu.ar\/sitio\/?page_id=3197"},"modified":"2026-04-14T14:28:26","modified_gmt":"2026-04-14T17:28:26","slug":"horarios-educacion-especial","status":"publish","type":"page","link":"https:\/\/isfd9-bue.infd.edu.ar\/sitio\/horarios-educacion-especial\/","title":{"rendered":"HORARIOS EDUCACI\u00d3N ESPECIAL"},"content":{"rendered":"\n<div class=\"wp-block-columns alignfull has-text-color has-background is-layout-flex wp-container-4\" style=\"color:#000000;background:radial-gradient(rgb(238,238,238) 0%,rgb(169,184,195) 100%)\">\n<div class=\"wp-block-column is-layout-flow\">\n<h3 class=\"wp-block-heading has-text-align-left has-pale-ocean-gradient-background has-background\" style=\"font-size:24px;line-height:1.3\">  Presencial<\/h3>\n\n\n\n<ul>\n<li><a href=\"https:\/\/drive.google.com\/file\/d\/1uaPuBaw-V3bpT2dZpBGPJztlFtVHUleu\/view?usp=sharing\">1\u00b0 B TURNO MA\u00d1ANA <strong>&#x2197;<\/strong><\/a><\/li>\n\n\n\n<li><a href=\"https:\/\/drive.google.com\/file\/d\/1ZRfM0ujqn7PyDNB9NEnq1SnVtYGAIPDU\/view?usp=sharing\">2<\/a><a href=\"https:\/\/drive.google.com\/file\/d\/1F1PhSCiq9ZqcMIJkoI_1c-qST2HAKQP7\/view?usp=sharing\">\u00b0 B TURNO MA\u00d1ANA &#x2197;<\/a><a href=\"https:\/\/drive.google.com\/file\/d\/1ZRfM0ujqn7PyDNB9NEnq1SnVtYGAIPDU\/view?usp=sharing\"> <\/a><\/li>\n\n\n\n<li><a href=\"https:\/\/drive.google.com\/file\/d\/1GKkQFLux8aRE-Ng-1nYsKnXR_EKq9UB2\/view?usp=sharing\">1\u00b0 D TURNO VESPERTINO <strong>&#x2197;<\/strong><\/a><\/li>\n\n\n\n<li><a href=\"https:\/\/drive.google.com\/file\/d\/11H46suciNTu11GRT4ldB_8NQ8a0bM8-6\/view?usp=sharing\">2\u00b0 C TURNO VESPERTINO <\/a><a href=\"https:\/\/drive.google.com\/file\/d\/1QVwBCjeo4npZ6q1K4CH0VKnhC26X6xlG\/view?usp=sharing\"><strong>&#x2197;<\/strong><\/a><\/li>\n\n\n\n<li><a href=\"https:\/\/drive.google.com\/file\/d\/1khqQ9LJp1GQnTxtRtjYoAs6BEbqC-vhu\/view?usp=sharing\">Campo de la Practica 1ero<\/a><a href=\"https:\/\/drive.google.com\/file\/d\/1xbUywIl3dMjzKn_dA7AQPltnVi0XsHM2\/view?usp=sharing\"> <\/a><strong><a href=\"https:\/\/drive.google.com\/file\/d\/1khqQ9LJp1GQnTxtRtjYoAs6BEbqC-vhu\/view?usp=sharing\">&#x2197;<\/a><\/strong><\/li>\n\n\n\n<li><a href=\"https:\/\/drive.google.com\/file\/d\/1jUx2fqPXzaC7qAvgompIMh2eGjdqkzAi\/view?usp=sharing\">Campo de la Practica 2do <\/a><strong><a href=\"https:\/\/drive.google.com\/file\/d\/1jUx2fqPXzaC7qAvgompIMh2eGjdqkzAi\/view?usp=sharing\">&#x2197;<\/a><\/strong><\/li>\n<\/ul>\n\n\n\n<p class=\"has-pale-ocean-gradient-background has-background\">Elija el horario a visualizar.<\/p>\n<\/div>\n\n\n\n<div class=\"wp-block-column is-layout-flow\">\n<h3 class=\"wp-block-heading has-luminous-vivid-amber-to-luminous-vivid-orange-gradient-background has-background\" style=\"font-size:24px;line-height:1.3\">1\u00b0 y 2\u00b0 Modalidad Combinada<\/h3>\n\n\n\n<ul>\n<li><a href=\"https:\/\/drive.google.com\/file\/d\/1hh_hFMEMtx1h9_8l13J4nMGlqAjgPU-p\/view?usp=sharing\">1\u00b0 A <\/a><strong><a href=\"https:\/\/drive.google.com\/file\/d\/1hh_hFMEMtx1h9_8l13J4nMGlqAjgPU-p\/view?usp=sharing\">&#x2197;<\/a><\/strong><\/li>\n\n\n\n<li><a href=\"https:\/\/drive.google.com\/file\/d\/19n-dEl41mxscf5DmY0NECvUc5P1m_vv0\/view?usp=sharing\">1\u00b0 C <strong>&#x2197;<\/strong><\/a><\/li>\n\n\n\n<li><a href=\"https:\/\/drive.google.com\/file\/d\/13NYN-GR-fyqAuOJlgv002hPVFeEK0v1D\/view?usp=sharing\">2\u00b0 A  <strong>&#x2197;<\/strong><\/a><\/li>\n<\/ul>\n\n\n\n<p class=\"has-luminous-vivid-amber-to-luminous-vivid-orange-gradient-background has-background\">Elija el horario a visualizar.<\/p>\n\n\n\n<ul>\n<li><a href=\"https:\/\/drive.google.com\/file\/d\/1AdkzfSbRgKJDegkqtHbM2hoQSXtYLukV\/view?usp=sharing\">TAIN<\/a><\/li>\n<\/ul>\n<\/div>\n\n\n\n<div class=\"wp-block-column is-layout-flow\">\n<h3 class=\"wp-block-heading has-electric-grass-gradient-background has-background\" style=\"font-size:24px;line-height:1.3\">3\u00b0 y 4\u00b0 Modalidad Combinada<\/h3>\n\n\n\n<ul>\n<li><a href=\"https:\/\/drive.google.com\/file\/d\/1Pu_P1FnJj-1LgH55Ji39gGVev_EdBhNP\/view?usp=sharing\">Profesorado de Educaci\u00f3n Especial con Orientaci\u00f3n en Discapacidad Intelectual. <strong>&#x2197;<\/strong><\/a><\/li>\n\n\n\n<li><a href=\"https:\/\/drive.google.com\/file\/d\/1EAUAKa-f4rMvv6G-OGmIyq2kGiUtBVXK\/view?usp=sharing\">Profesorado de Educaci\u00f3n Especial con Orientaci\u00f3n en Discapacidad en Ciegos y Disminuidos Visuales. <strong>&#x2197;<\/strong><\/a><\/li>\n\n\n\n<li><a href=\"https:\/\/drive.google.com\/file\/d\/18plxn-7uixHcySfkBgjow17B3UltQTqn\/view?usp=sharing\">Profesorado de Educaci\u00f3n Especial con Orientaci\u00f3n en Discapacidad Neuromotoras. <strong>&#x2197;<\/strong><\/a><\/li>\n\n\n\n<li><a href=\"https:\/\/drive.google.com\/file\/d\/14ROq9wvK1mmsA3lh8SA_pn_STWOEY-9w\/view?usp=sharing\">Profesorado de Educaci\u00f3n Especial con Orientaci\u00f3n en Discapacidad Sordos e Hipoac\u00fasicos. <strong>&#x2197;<\/strong><\/a><\/li>\n<\/ul>\n\n\n\n<p class=\"has-electric-grass-gradient-background has-background\">Elija el horario a visualizar.<\/p>\n<\/div>\n<\/div>\n","protected":false},"excerpt":{"rendered":"<p>Presencial Elija el horario a visualizar. 1\u00b0 y 2\u00b0 Modalidad Combinada Elija el horario a visualizar. 3\u00b0 y 4\u00b0 Modalidad Combinada Elija el horario a visualizar.<\/p>\n","protected":false},"author":237,"featured_media":0,"parent":0,"menu_order":0,"comment_status":"closed","ping_status":"closed","template":"","meta":[],"acf":[],"_links":{"self":[{"href":"https:\/\/isfd9-bue.infd.edu.ar\/sitio\/wp-json\/wp\/v2\/pages\/3197"}],"collection":[{"href":"https:\/\/isfd9-bue.infd.edu.ar\/sitio\/wp-json\/wp\/v2\/pages"}],"about":[{"href":"https:\/\/isfd9-bue.infd.edu.ar\/sitio\/wp-json\/wp\/v2\/types\/page"}],"author":[{"embeddable":true,"href":"https:\/\/isfd9-bue.infd.edu.ar\/sitio\/wp-json\/wp\/v2\/users\/237"}],"replies":[{"embeddable":true,"href":"https:\/\/isfd9-bue.infd.edu.ar\/sitio\/wp-json\/wp\/v2\/comments?post=3197"}],"version-history":[{"count":46,"href":"https:\/\/isfd9-bue.infd.edu.ar\/sitio\/wp-json\/wp\/v2\/pages\/3197\/revisions"}],"predecessor-version":[{"id":6388,"href":"https:\/\/isfd9-bue.infd.edu.ar\/sitio\/wp-json\/wp\/v2\/pages\/3197\/revisions\/6388"}],"wp:attachment":[{"href":"https:\/\/isfd9-bue.infd.edu.ar\/sitio\/wp-json\/wp\/v2\/media?parent=3197"}],"curies":[{"name":"wp","href":"https:\/\/api.w.org\/{rel}","templated":true}]}}