{"id":1664,"date":"2021-12-03T20:16:05","date_gmt":"2021-12-03T23:16:05","guid":{"rendered":"https:\/\/isfd9-bue.infd.edu.ar\/sitio\/?page_id=1664"},"modified":"2026-02-26T16:53:34","modified_gmt":"2026-02-26T19:53:34","slug":"inscripcion-ingresantes","status":"publish","type":"page","link":"https:\/\/isfd9-bue.infd.edu.ar\/sitio\/inscripcion-ingresantes\/","title":{"rendered":"Inscripci\u00f3n ingresantes"},"content":{"rendered":"\n<figure class=\"wp-block-table has-x-large-font-size\"><table class=\"has-base-3-color has-accent-background-color has-text-color has-background\"><tbody><tr><td class=\"has-text-align-center\" data-align=\"center\"><img decoding=\"async\" src=\"https:\/\/isfd9-bue.infd.edu.ar\/sitio\/wp-content\/uploads\/2022\/04\/Icono-IS9-texto.jpg\" alt=\"\"><\/td><\/tr><tr><td class=\"has-text-align-center\" data-align=\"center\"><strong>Inscripci\u00f3n Ciclo Lectivo 2026. <br>Instituto de Formaci\u00f3n Docente y T\u00e9cnica Nro. 9<\/strong><\/td><\/tr><\/tbody><\/table><\/figure>\n\n\n\n<h4 class=\"wp-block-heading has-text-align-center\"><strong>Es s\u00f3lo para ESTUDIANTES INGRESANTES a 1\u00b0 A\u00d1O de todas las carreras.<\/strong><\/h4>\n\n\n\n<p><strong><u>Procedimiento para el Ingreso 2026 al ISFDYT N\u00b0 9<\/u><\/strong><strong>:<\/strong><\/p>\n\n\n\n<p>&nbsp;Las y los aspirantes a las distintas carreras del ISFDyT N\u00ba 9 realizar\u00e1n su ingreso en 2 etapas.<\/p>\n\n\n\n<ul>\n<li>La primera etapa a realizarse&nbsp;a partir del d\u00eda 30 de&nbsp; Octubre del 2025 y la segunda etapa a partir del 1 de Diciembre de 2025.<\/li>\n\n\n\n<li>Por favor, lea atentamente cada paso hasta el final de la p\u00e1gina, siga bajando con el cursor.<\/li>\n<\/ul>\n\n\n\n<p><br><strong><u>1\u00ba Etapa<\/u><\/strong>: <strong><u>Pre-Inscripci\u00f3n Institucional ONLINE<\/u><\/strong><strong><u> <\/u><\/strong>&nbsp;( a partir del 30 de  octubre del 2025).<\/p>\n\n\n\n<p>Antes de iniciar las etapas deber\u00e1 contar&nbsp;<strong><u>OBLIGATORIAMENTE<\/u><\/strong>&nbsp;con una cuenta de correo electr\u00f3nico de&nbsp;Gmail, recordamos que el usuario sea adecuado para una comunicaci\u00f3n en una instituci\u00f3n educativa y de formaci\u00f3n profesional y docente.<\/p>\n\n\n\n<p><strong><u>Formulario Institucional Online<\/u><\/strong><\/p>\n\n\n\n<ul>\n<li>Completar y enviar el&nbsp;Formulario Institucional online.<\/li>\n<\/ul>\n\n\n\n<p><strong><u>2\u00b0 Etapa Matriculaci\u00f3n<\/u><\/strong><strong>:<\/strong><strong>&nbsp; PRESENCIAL<\/strong><\/p>\n\n\n\n<ul>\n<li>A partir del 1 de Diciembre de 2025 comenzamos las inscripciones  para todas nuestras carreras.<\/li>\n\n\n\n<li><strong>El orden de matriculaci\u00f3n y la asignaci\u00f3n de cupos se establecer\u00e1n a partir de la entrega de la documentaci\u00f3n de manera presencial en la instituci\u00f3n. Se recuerda que la preinscripci\u00f3n no asegura el lugar. La atenci\u00f3n se realizar\u00e1 en los siguientes horarios, seg\u00fan el turno seleccionado y carrera a cursar.<\/strong><\/li>\n<\/ul>\n\n\n\n<div class=\"wp-block-group alignwide has-base-background-color has-background is-horizontal is-content-justification-center is-layout-flex wp-container-1\">\n<h5 class=\"wp-block-heading has-text-align-center\">Turno Ma\u00f1ana: 9 a 11 hs<\/h5>\n\n\n\n<h5 class=\"wp-block-heading has-text-align-center\">Turno Tarde : 14 a 16 hs<\/h5>\n\n\n\n<h5 class=\"wp-block-heading has-text-align-center\">Turno Vespertino: 18:30 a 20:30 hs<\/h5>\n<\/div>\n\n\n\n<ul>\n<li>Acercar la documentaci\u00f3n que se detalla&nbsp; a continuaci\u00f3n, en la sede que corresponda a la carrera, para efectivizar la inscripci\u00f3n al Ciclo lectivo 2026.<\/li>\n<\/ul>\n\n\n\n<p><strong><u>Documentaci\u00f3n&nbsp; a presentar:<\/u><\/strong><\/p>\n\n\n\n<ul>\n<li>3 Fotos carnet<\/li>\n\n\n\n<li>Original y Copia Titulo secundario  <\/li>\n\n\n\n<li>Original y Copia DNI<\/li>\n\n\n\n<li>Planilla de inscripci\u00f3n impresa y completa en imprenta (<a href=\"https:\/\/drive.google.com\/file\/d\/1YD6LpkZ6GiuObMXE5Lphimw3vEPpofKA\/view?usp=sharing\">DESCARGAR AQUI PLANILLA DE INSCRIPCION<\/a>)<\/li>\n\n\n\n<li>Certificado de aptitud psicofisica.<\/li>\n\n\n\n<li>Partida de Nacimiento<\/li>\n\n\n\n<li>Pago voluntario Cooperadora ISFDyT n\u00ba 9<\/li>\n\n\n\n<li>Folio oficio.<\/li>\n<\/ul>\n\n\n\n<p>La Asociaci\u00f3n Cooperadora es un grupo de personas integrado por toda la comunidad educativa. Trabajan en el Establecimiento aportando su tiempo&nbsp;y energ\u00eda. Destina sus acciones para que los\/as estudiantes cuenten con una Instituci\u00f3n p\u00fablica que funcione de la mejor manera posible.<\/p>\n\n\n\n<p>El pago Voluntario de $ 20.000, se podra abonar&nbsp; en dos cuotas: primera cuota&nbsp; en el momento de la inscripci\u00f3n y&nbsp;la segunda cuota, durante la cursada.<br><\/p>\n\n\n\n<h2 class=\"wp-block-heading has-text-align-center has-pale-ocean-gradient-background has-background\">NUESTRAS CARRERAS<\/h2>\n\n\n\n<h3 class=\"wp-block-heading\"><strong><mark style=\"background-color:rgba(0, 0, 0, 0)\" class=\"has-inline-color has-luminous-vivid-orange-color\">Profesorado de Educaci\u00f3n Secundaria en Lengua y Literatura.<\/mark><\/strong><\/h3>\n\n\n\n<ul>\n<li>Solo Turno Vespertino.<\/li>\n\n\n\n<li>Anexo calle 2 nro. 727 e\/46 y 47.<\/li>\n<\/ul>\n\n\n\n<h3 class=\"wp-block-heading\"><strong><mark style=\"background-color:rgba(0, 0, 0, 0)\" class=\"has-inline-color has-luminous-vivid-orange-color\">Profesorado en Educaci\u00f3n Especial.<\/mark><\/strong><\/h3>\n\n\n\n<ul>\n<li>Turno Ma\u00f1ana <\/li>\n\n\n\n<li>Turno Tarde (PPC)<\/li>\n\n\n\n<li>Turno Vespertino<\/li>\n\n\n\n<li>Anexo calle 2 nro. 727 e\/46 y 47.<\/li>\n<\/ul>\n\n\n\n<h3 class=\"wp-block-heading\"><mark style=\"background-color:rgba(0, 0, 0, 0)\" class=\"has-inline-color has-luminous-vivid-orange-color\"><strong>Profesorado en Educaci\u00f3n Primaria<\/strong>.<\/mark><\/h3>\n\n\n\n<ul>\n<li>Turno Ma\u00f1ana.<\/li>\n\n\n\n<li>Turno Tarde<\/li>\n\n\n\n<li>Anexo calle 6 nro. 675 e\/45 y 46<\/li>\n\n\n\n<li>Turno Vespertino.<\/li>\n\n\n\n<li>Sede calle 44 nro. 530 e\/5 y 6.<\/li>\n<\/ul>\n\n\n\n<h3 class=\"wp-block-heading\"><strong><mark style=\"background-color:rgba(0, 0, 0, 0)\" class=\"has-inline-color has-luminous-vivid-orange-color\">Profesorado en Educaci\u00f3n Inicial.<\/mark><\/strong><\/h3>\n\n\n\n<ul>\n<li>Turno Ma\u00f1ana. <strong>(cupo completo)<\/strong><\/li>\n\n\n\n<li>Turno Tarde<\/li>\n\n\n\n<li>Turno Vespertino. <strong>(lista de espera)<\/strong><\/li>\n\n\n\n<li>Sede calle 44 nro. 530 e\/5 y 6.<\/li>\n<\/ul>\n\n\n\n<h3 class=\"wp-block-heading\"><mark style=\"background-color:rgba(0, 0, 0, 0)\" class=\"has-inline-color has-luminous-vivid-orange-color\"><strong>Tecnicatura en Fonoaudiolog\u00eda<\/strong>.<\/mark><\/h3>\n\n\n\n<ul>\n<li>Solo Turno Vespertino.<\/li>\n\n\n\n<li>Anexo calle 6 nro. 675 e\/45 y 46.<\/li>\n<\/ul>\n\n\n\n<h2 class=\"wp-block-heading\"><mark style=\"background-color:rgba(0, 0, 0, 0)\" class=\"has-inline-color has-luminous-vivid-orange-color\"><strong>Tecnicatura en Psicopedagog\u00eda<\/strong>.<\/mark><\/h2>\n\n\n\n<ul>\n<li>Solo Turno Vespertino. <strong>(cupo completo)<\/strong><\/li>\n\n\n\n<li>Anexo calle 2 nro. 639 e\/44 y 45.(Escuela nro. 37)<\/li>\n<\/ul>\n\n\n\n<h4 class=\"wp-block-heading has-text-align-center has-contrast-color has-text-color has-background\" style=\"background:radial-gradient(rgba(252,185,0,1) 0%,rgba(255,105,0,1) 100%)\"> La inscripci\u00f3n DEFINITIVA ser\u00e1 al momento de entregar la documentaci\u00f3n de forma PRESENCIAL, gener\u00e1ndose all\u00ed la lista de ingresantes y el cupo. Los esperamos a partir del 1 de diciembre para completar y\/o ratificar su inscripci\u00f3n.<\/h4>\n\n\n\n<div class=\"wp-block-buttons is-vertical is-content-justification-center is-layout-flex wp-container-2\">\n<div class=\"wp-block-button has-custom-width wp-block-button__width-50 is-style-fill\"><a class=\"wp-block-button__link wp-element-button\" href=\"https:\/\/docs.google.com\/forms\/d\/e\/1FAIpQLSf6GvLr2sB8Fh4EylQQ5NwecsVhKXjy_uYA_HXiBJ4qicvEZQ\/viewform?usp=header\" style=\"border-radius:44px\">Formulario de pre-Inscripci\u00f3n<\/a><\/div>\n\n\n\n<div class=\"wp-block-button has-custom-width wp-block-button__width-50 is-style-fill\"><a class=\"wp-block-button__link wp-element-button\" href=\"https:\/\/isfd9-bue.infd.edu.ar\/sitio\/\" style=\"border-radius:44px\">Volver<\/a><\/div>\n<\/div>\n\n\n\n<div class=\"wp-block-buttons is-layout-flex\"><\/div>\n","protected":false},"excerpt":{"rendered":"<p>Inscripci\u00f3n Ciclo Lectivo 2026. Instituto de Formaci\u00f3n Docente y T\u00e9cnica Nro. 9 Es s\u00f3lo para ESTUDIANTES INGRESANTES a 1\u00b0 A\u00d1O de todas las carreras. Procedimiento para el Ingreso 2026 al ISFDYT N\u00b0 9: &nbsp;Las y los aspirantes a las distintas carreras del ISFDyT N\u00ba 9 realizar\u00e1n su ingreso en 2 etapas. 1\u00ba Etapa: Pre-Inscripci\u00f3n Institucional &#8230; <a title=\"Inscripci\u00f3n ingresantes\" class=\"read-more\" href=\"https:\/\/isfd9-bue.infd.edu.ar\/sitio\/inscripcion-ingresantes\/\" aria-label=\"More on Inscripci\u00f3n ingresantes\">[+]<\/a><\/p>\n","protected":false},"author":145,"featured_media":0,"parent":0,"menu_order":0,"comment_status":"closed","ping_status":"closed","template":"","meta":[],"acf":[],"_links":{"self":[{"href":"https:\/\/isfd9-bue.infd.edu.ar\/sitio\/wp-json\/wp\/v2\/pages\/1664"}],"collection":[{"href":"https:\/\/isfd9-bue.infd.edu.ar\/sitio\/wp-json\/wp\/v2\/pages"}],"about":[{"href":"https:\/\/isfd9-bue.infd.edu.ar\/sitio\/wp-json\/wp\/v2\/types\/page"}],"author":[{"embeddable":true,"href":"https:\/\/isfd9-bue.infd.edu.ar\/sitio\/wp-json\/wp\/v2\/users\/145"}],"replies":[{"embeddable":true,"href":"https:\/\/isfd9-bue.infd.edu.ar\/sitio\/wp-json\/wp\/v2\/comments?post=1664"}],"version-history":[{"count":93,"href":"https:\/\/isfd9-bue.infd.edu.ar\/sitio\/wp-json\/wp\/v2\/pages\/1664\/revisions"}],"predecessor-version":[{"id":6259,"href":"https:\/\/isfd9-bue.infd.edu.ar\/sitio\/wp-json\/wp\/v2\/pages\/1664\/revisions\/6259"}],"wp:attachment":[{"href":"https:\/\/isfd9-bue.infd.edu.ar\/sitio\/wp-json\/wp\/v2\/media?parent=1664"}],"curies":[{"name":"wp","href":"https:\/\/api.w.org\/{rel}","templated":true}]}}