{"id":1311,"date":"2023-03-29T19:19:36","date_gmt":"2023-03-29T22:19:36","guid":{"rendered":"https:\/\/isfd9-bue.infd.edu.ar\/sitio\/?page_id=1311"},"modified":"2025-08-29T19:59:21","modified_gmt":"2025-08-29T22:59:21","slug":"equivalencias","status":"publish","type":"page","link":"https:\/\/isfd9-bue.infd.edu.ar\/sitio\/equivalencias\/","title":{"rendered":"Equivalencias"},"content":{"rendered":"<h1 align=\"center\">Informaci\u00f3n importante para solicitar equivalencias.<\/h1>\n<p>Para saber que pasos deben seguir para presentar la documentaci\u00f3n, escribir a los mails correspondientes a su carrera\u00a0 (en el Asunto deben escribir: EQUIVALENCIAS &#8211; Apellido y nombre &#8211; curso. Y en el cuerpo del mensaje desarrollan el pedido):<\/p>\n<h4><span style=\"color: #ff0000;\">Educaci\u00f3n Inicial:<\/span><\/h4>\n<p>jefaturainicial.9@gmail.com<\/p>\n<h4><span style=\"color: #ff0000;\">Educaci\u00f3n Primaria:<\/span><\/h4>\n<p>Jefaturaprimaria9@gmail.com<\/p>\n<h4><span style=\"color: #ff0000;\">Educaci\u00f3n Especial:<\/span><\/h4>\n<p>jefatura.area.especial@gmail.com<\/p>\n<h4><span style=\"color: #ff0000;\">Profesorado de Secundaria en Lengua y Literatura:<\/span><\/h4>\n<p>peslejefaturais9@gmail.com<\/p>\n<h4><span style=\"color: #ff0000;\">Psicopedagog\u00eda:<\/span><\/h4>\n<p>psicopedagogia.is9@gmail.com<\/p>\n<h4><span style=\"color: #ff0000;\">Fonoaudiolog\u00eda:<\/span><\/h4>\n<p>fonoaudiologiainstituto9@gmail.com<strong>\u00a0<\/strong><strong>\u00a0 \u00a0 \u00a0<\/strong><\/p>\n","protected":false},"excerpt":{"rendered":"<p>Informaci\u00f3n importante para solicitar equivalencias. Para saber que pasos deben seguir para presentar la documentaci\u00f3n, escribir a los mails correspondientes a su carrera\u00a0 (en el Asunto deben escribir: EQUIVALENCIAS &#8211; Apellido y nombre &#8211; curso. Y en el cuerpo del mensaje desarrollan el pedido): Educaci\u00f3n Inicial: jefaturainicial.9@gmail.com Educaci\u00f3n Primaria: Jefaturaprimaria9@gmail.com Educaci\u00f3n Especial: jefatura.area.especial@gmail.com Profesorado de &#8230; <a title=\"Equivalencias\" class=\"read-more\" href=\"https:\/\/isfd9-bue.infd.edu.ar\/sitio\/equivalencias\/\" aria-label=\"More on Equivalencias\">[+]<\/a><\/p>\n","protected":false},"author":237,"featured_media":0,"parent":0,"menu_order":0,"comment_status":"closed","ping_status":"closed","template":"","meta":[],"acf":[],"_links":{"self":[{"href":"https:\/\/isfd9-bue.infd.edu.ar\/sitio\/wp-json\/wp\/v2\/pages\/1311"}],"collection":[{"href":"https:\/\/isfd9-bue.infd.edu.ar\/sitio\/wp-json\/wp\/v2\/pages"}],"about":[{"href":"https:\/\/isfd9-bue.infd.edu.ar\/sitio\/wp-json\/wp\/v2\/types\/page"}],"author":[{"embeddable":true,"href":"https:\/\/isfd9-bue.infd.edu.ar\/sitio\/wp-json\/wp\/v2\/users\/237"}],"replies":[{"embeddable":true,"href":"https:\/\/isfd9-bue.infd.edu.ar\/sitio\/wp-json\/wp\/v2\/comments?post=1311"}],"version-history":[{"count":6,"href":"https:\/\/isfd9-bue.infd.edu.ar\/sitio\/wp-json\/wp\/v2\/pages\/1311\/revisions"}],"predecessor-version":[{"id":5915,"href":"https:\/\/isfd9-bue.infd.edu.ar\/sitio\/wp-json\/wp\/v2\/pages\/1311\/revisions\/5915"}],"wp:attachment":[{"href":"https:\/\/isfd9-bue.infd.edu.ar\/sitio\/wp-json\/wp\/v2\/media?parent=1311"}],"curies":[{"name":"wp","href":"https:\/\/api.w.org\/{rel}","templated":true}]}}