{"id":1218,"date":"2021-03-04T14:12:02","date_gmt":"2021-03-04T17:12:02","guid":{"rendered":"https:\/\/isfd9-bue.infd.edu.ar\/sitio\/?page_id=1218"},"modified":"2025-02-27T11:46:59","modified_gmt":"2025-02-27T14:46:59","slug":"titulos","status":"publish","type":"page","link":"https:\/\/isfd9-bue.infd.edu.ar\/sitio\/titulos\/","title":{"rendered":"TITULOS"},"content":{"rendered":"<h1 style=\"background-color: #b3a0cf;\" align=\"center\">INFORMACION SOBRE TITULOS<\/h1>\n<p>Les informamos que podr\u00e1n pasar a retirar su t\u00edtulo por la Sede de Educaci\u00f3n Especial (Calle 2\u00a0\u00a0N\u00b0 727 e\/ 46 y 47).<\/p>\n<p>Pueden\u00a0\u00a0ser retirados por sus titulares con DNI\u00a0\u00a0o\u00a0\u00a0en caso\u00a0\u00a0contrario por un tercero que deber\u00e1 concurrir con una nota de\u00a0autorizaci\u00f3n\u00a0firmada por el titular donde conste nombre\u00a0\u00a0y DNI de quien lo retira y fotocopia del DNI del titular y del\u00a0\u00a0DNI de la persona que lo retira.<\/p>\n<p><strong>Listado de T\u00edtulos para retirar:<\/strong>\u00a0<a href=\"http:\/\/isfdyt9titulos.blogspot.com\/\">http:\/\/isfdyt9titulos.blogspot.com\/<\/a><\/p>\n<h3><span style=\"color: #ff0000;\">IMPORTANTE:<\/span><\/h3>\n<p>En virtud de la decisi\u00f3n del Ministerio de Educaci\u00f3n de la Naci\u00f3n (Res N\u00b0440\/23) a partir del 1\u00b0 de noviembre de 2023, la emisi\u00f3n de t\u00edtulos de Educaci\u00f3n Superior se realizar\u00e1 en forma digital.<br \/>Se enviara al egresado\/a mediante un mail(revisar correos no deseados) su\u00a0 t\u00edtulo digitalizado. En caso que no reciban el correo. Acercarse al Instituto Sede Especial (calle 2 nro 727 entre 46 y 47) de lunes a viernes de 8 a 11 hs. O comunicarse via mail a: titulosinstituto9@gmail.com.<br \/>La legalidad del documento adjunto puede verificarse en el Registro Federal de Egresados (REFE).<\/p>\n<p>\u00a0<\/p>\n\n\n<p><\/p>\n","protected":false},"excerpt":{"rendered":"<p>INFORMACION SOBRE TITULOS Les informamos que podr\u00e1n pasar a retirar su t\u00edtulo por la Sede de Educaci\u00f3n Especial (Calle 2\u00a0\u00a0N\u00b0 727 e\/ 46 y 47). Pueden\u00a0\u00a0ser retirados por sus titulares con DNI\u00a0\u00a0o\u00a0\u00a0en caso\u00a0\u00a0contrario por un tercero que deber\u00e1 concurrir con una nota de\u00a0autorizaci\u00f3n\u00a0firmada por el titular donde conste nombre\u00a0\u00a0y DNI de quien lo retira y &#8230; <a title=\"TITULOS\" class=\"read-more\" href=\"https:\/\/isfd9-bue.infd.edu.ar\/sitio\/titulos\/\" aria-label=\"More on TITULOS\">[+]<\/a><\/p>\n","protected":false},"author":237,"featured_media":0,"parent":0,"menu_order":0,"comment_status":"closed","ping_status":"closed","template":"","meta":[],"acf":[],"_links":{"self":[{"href":"https:\/\/isfd9-bue.infd.edu.ar\/sitio\/wp-json\/wp\/v2\/pages\/1218"}],"collection":[{"href":"https:\/\/isfd9-bue.infd.edu.ar\/sitio\/wp-json\/wp\/v2\/pages"}],"about":[{"href":"https:\/\/isfd9-bue.infd.edu.ar\/sitio\/wp-json\/wp\/v2\/types\/page"}],"author":[{"embeddable":true,"href":"https:\/\/isfd9-bue.infd.edu.ar\/sitio\/wp-json\/wp\/v2\/users\/237"}],"replies":[{"embeddable":true,"href":"https:\/\/isfd9-bue.infd.edu.ar\/sitio\/wp-json\/wp\/v2\/comments?post=1218"}],"version-history":[{"count":23,"href":"https:\/\/isfd9-bue.infd.edu.ar\/sitio\/wp-json\/wp\/v2\/pages\/1218\/revisions"}],"predecessor-version":[{"id":5335,"href":"https:\/\/isfd9-bue.infd.edu.ar\/sitio\/wp-json\/wp\/v2\/pages\/1218\/revisions\/5335"}],"wp:attachment":[{"href":"https:\/\/isfd9-bue.infd.edu.ar\/sitio\/wp-json\/wp\/v2\/media?parent=1218"}],"curies":[{"name":"wp","href":"https:\/\/api.w.org\/{rel}","templated":true}]}}