{"id":1140,"date":"2021-11-04T16:41:08","date_gmt":"2021-11-04T19:41:08","guid":{"rendered":"https:\/\/isfd9-bue.infd.edu.ar\/sitio\/?page_id=1140"},"modified":"2026-01-30T20:30:42","modified_gmt":"2026-01-30T23:30:42","slug":"inscripcion-finales-especial-2022","status":"publish","type":"page","link":"https:\/\/isfd9-bue.infd.edu.ar\/sitio\/inscripcion-finales-especial-2022\/","title":{"rendered":"Inscripci\u00f3n finales especial"},"content":{"rendered":"\n<h2 class=\"wp-block-heading has-text-align-center\" id=\"block-53e70c40-0ff2-431a-bec6-00c0f5d5667e\"><strong><br>INSCRIPCI\u00d3N A MESAS EXAMINADORAS<\/strong><\/h2>\n\n\n\n<figure class=\"wp-block-table\"><table><tbody><tr><td class=\"has-text-align-center\" data-align=\"center\"><strong>MESAS&nbsp; DE&nbsp; EXAMENES&nbsp; FINALES TURNO FEBRERO\/MARZO 2026<\/strong><br>Destinatarios: ALUMNOS REGULARES Y LIBRES De TODOS LOS CURSOS Y CARRERAS &nbsp;<br><strong>INSCRIPCION: del 02 AL&nbsp;09 DE FEBRERO DE&nbsp;2026<\/strong><br>MESAS:<br>Llamado&nbsp; 23 de FEBRERO&nbsp; al 13 de MARZO del 2026<\/td><\/tr><\/tbody><\/table><\/figure>\n\n\n\n<p><strong><u>REQUISITOS DE ESTE&nbsp; LLAMADO<\/u>:<\/strong><\/p>\n\n\n\n<ol>\n<li>Podr\u00e1n presentarse alumnos regulares y libres de todos los cursos y carreras, ya sea que hayan finalizado sus cursadas en 2025 o a\u00f1os anteriores.<\/li>\n\n\n\n<li>El estudiante podr\u00e1 presentarse a rendir en todas las materias que as\u00ed lo decida, ya que no habr\u00e1 l\u00edmite para la inscripci\u00f3n.<\/li>\n\n\n\n<li>En el presente llamado las mesas se desarrollar\u00e1n de manera PRESENCIAL.<\/li>\n\n\n\n<li>La inscripci\u00f3n se realizar\u00e1 mediante FORMULARIOS GOOGLE, los cuales se activar\u00e1n a las&nbsp;<strong>8 hs del d\u00eda 02 de FEBRERO se desactivar\u00e1n el 09 de FEBRERO las 20 hs.<\/strong><\/li>\n\n\n\n<li>Se recibir\u00e1 una sola inscripci\u00f3n por estudiante  (en caso de Inscribirse m\u00e1s de una vez, se tomar\u00e1 la ultima inscripci\u00f3n realizada)<\/li>\n\n\n\n<li><strong><strong>Cualquier inconveniente&nbsp;<\/strong>con la inscripci\u00f3n;&nbsp;<strong>se deber\u00e1 realizar durante la semana la inscripci\u00f3n, sin EXCEPCI\u00d3N&nbsp;<\/strong>(del 02 al 09 de FEBRERO).<\/strong><\/li>\n\n\n\n<li><em><strong>En el caso de los estudiantes que hayan aprobado materias por promoci\u00f3n directa \u2014ya sean talleres o asignaturas acreditadas sin examen durante el a\u00f1o 2025\u2014 no deber\u00e1n inscribirse. En cambio, quienes hayan obtenido la promoci\u00f3n en a\u00f1os anteriores a 2025 deber\u00e1n inscribirse para que se le<\/strong><\/em><\/li>\n\n\n\n<li>RECUERDE DAR EL PRESENTE AL INICIO DE CADA MESA , considerando que el tiempo de tolerancia m\u00e1xima de espera de estudiantes para dar el presente ser\u00e1 de 30 minutos una vez iniciada la mesa examinadora. (Acuerdo CAI 10\/04\/2023).<\/li>\n<\/ol>\n\n\n\n<h4 class=\"wp-block-heading has-text-align-center\"><strong>IMPORTANTE: NO SE RECIBIRAN INSCRIPCIONES FUERA DE TERMINO. SIN EXCEPCION<\/strong><\/h4>\n\n\n\n<p> Una vez m\u00e1s se apela al compromiso y responsabilidad del estudiante al momento de seleccionar las asignaturas, a conciencia de su posibilidad real de cumplir con lo planificado. (Debe contemplarse que la modalidad de examen que adoptar\u00e1 el docente variar\u00e1 seg\u00fan el n\u00famero de inscriptos)<\/p>\n\n\n\n<p class=\"has-text-align-right\">EQUIPO DEGESTION\u2013ISFDyTN\u00b09<\/p>\n\n\n\n<h4 class=\"wp-block-heading has-text-align-center has-white-color has-vivid-cyan-blue-background-color has-text-color has-background\">INSCRIPCI\u00d3N A LAS MESAS<\/h4>\n\n\n\n<div class=\"wp-block-buttons is-content-justification-center is-layout-flex wp-container-1\">\n<div class=\"wp-block-button has-custom-width wp-block-button__width-50 is-style-fill\"><a class=\"wp-block-button__link has-white-color has-vivid-cyan-blue-background-color has-text-color has-background wp-element-button\" href=\"https:\/\/forms.gle\/ZqDtLR24mv7z6j2X7\">Inscripci\u00f3n 1\u00ba Y 2\u00ba TRONCO COMUN<\/a><\/div>\n<\/div>\n\n\n\n<div class=\"wp-block-buttons is-content-justification-center is-layout-flex wp-container-2\">\n<div class=\"wp-block-button has-custom-width wp-block-button__width-50\"><a class=\"wp-block-button__link has-vivid-cyan-blue-background-color has-background wp-element-button\" href=\"https:\/\/docs.google.com\/forms\/d\/e\/1FAIpQLSe92wqV3CFGfEtvdg1By32vSkf-b-nLFm5tQbhYV38ohghFjQ\/viewform?usp=publish-editor\">Inscripci\u00f3n 3\u00ba Y 4\u00ba DISCAPACIDAD NEUROMOTORA<\/a><\/div>\n<\/div>\n\n\n\n<div class=\"wp-block-buttons is-content-justification-center is-layout-flex wp-container-3\">\n<div class=\"wp-block-button has-custom-width wp-block-button__width-50\"><a class=\"wp-block-button__link has-white-color has-vivid-cyan-blue-background-color has-text-color has-background wp-element-button\" href=\"https:\/\/forms.gle\/2DVPjQc9BB6faFHU9\">Inscripci\u00f3n 3\u00ba Y 4\u00ba CIEGOS Y DISMINUIDOS VISUALES<\/a><\/div>\n<\/div>\n\n\n\n<div class=\"wp-block-buttons is-content-justification-center is-layout-flex wp-container-4\">\n<div class=\"wp-block-button has-custom-width wp-block-button__width-50\"><a class=\"wp-block-button__link has-vivid-cyan-blue-background-color has-background wp-element-button\" href=\"https:\/\/docs.google.com\/forms\/d\/e\/1FAIpQLSfPdlzfvBKJl4ko4KIrpcx7pjRBFH9CUYzYLWzBgnhr28Q-DQ\/viewform?usp=publish-editor\">Inscripci\u00f3n 3\u00ba Y 4\u00ba DISCAPACIDAD INTELECTUAL<\/a><\/div>\n<\/div>\n\n\n\n<div class=\"wp-block-buttons is-content-justification-center is-layout-flex wp-container-5\">\n<div class=\"wp-block-button has-custom-width wp-block-button__width-50\"><a class=\"wp-block-button__link has-vivid-cyan-blue-background-color has-background wp-element-button\" href=\"https:\/\/docs.google.com\/forms\/d\/e\/1FAIpQLSf0ViLEiD92IvUrnv1qIj2MYRw3fMgaP5cTnDi051gjbMcC8g\/viewform?usp=publish-editor\">Inscripci\u00f3n 3\u00ba Y 4\u00ba SORDOS E HIPOACUSICOS<\/a><\/div>\n<\/div>\n\n\n\n<div class=\"wp-block-buttons is-content-justification-center is-layout-flex wp-container-6\">\n<div class=\"wp-block-button has-custom-width wp-block-button__width-50\"><a class=\"wp-block-button__link has-vivid-cyan-blue-background-color has-background wp-element-button\" href=\"https:\/\/isfd9-bue.infd.edu.ar\/sitio\/\">Volver<\/a><\/div>\n<\/div>\n","protected":false},"excerpt":{"rendered":"<p>INSCRIPCI\u00d3N A MESAS EXAMINADORAS MESAS&nbsp; DE&nbsp; EXAMENES&nbsp; FINALES TURNO FEBRERO\/MARZO 2026Destinatarios: ALUMNOS REGULARES Y LIBRES De TODOS LOS CURSOS Y CARRERAS &nbsp;INSCRIPCION: del 02 AL&nbsp;09 DE FEBRERO DE&nbsp;2026MESAS:Llamado&nbsp; 23 de FEBRERO&nbsp; al 13 de MARZO del 2026 REQUISITOS DE ESTE&nbsp; LLAMADO: IMPORTANTE: NO SE RECIBIRAN INSCRIPCIONES FUERA DE TERMINO. SIN EXCEPCION Una vez m\u00e1s se &#8230; <a title=\"Inscripci\u00f3n finales especial\" class=\"read-more\" href=\"https:\/\/isfd9-bue.infd.edu.ar\/sitio\/inscripcion-finales-especial-2022\/\" aria-label=\"More on Inscripci\u00f3n finales especial\">[+]<\/a><\/p>\n","protected":false},"author":237,"featured_media":0,"parent":0,"menu_order":0,"comment_status":"closed","ping_status":"closed","template":"","meta":[],"acf":[],"_links":{"self":[{"href":"https:\/\/isfd9-bue.infd.edu.ar\/sitio\/wp-json\/wp\/v2\/pages\/1140"}],"collection":[{"href":"https:\/\/isfd9-bue.infd.edu.ar\/sitio\/wp-json\/wp\/v2\/pages"}],"about":[{"href":"https:\/\/isfd9-bue.infd.edu.ar\/sitio\/wp-json\/wp\/v2\/types\/page"}],"author":[{"embeddable":true,"href":"https:\/\/isfd9-bue.infd.edu.ar\/sitio\/wp-json\/wp\/v2\/users\/237"}],"replies":[{"embeddable":true,"href":"https:\/\/isfd9-bue.infd.edu.ar\/sitio\/wp-json\/wp\/v2\/comments?post=1140"}],"version-history":[{"count":78,"href":"https:\/\/isfd9-bue.infd.edu.ar\/sitio\/wp-json\/wp\/v2\/pages\/1140\/revisions"}],"predecessor-version":[{"id":6158,"href":"https:\/\/isfd9-bue.infd.edu.ar\/sitio\/wp-json\/wp\/v2\/pages\/1140\/revisions\/6158"}],"wp:attachment":[{"href":"https:\/\/isfd9-bue.infd.edu.ar\/sitio\/wp-json\/wp\/v2\/media?parent=1140"}],"curies":[{"name":"wp","href":"https:\/\/api.w.org\/{rel}","templated":true}]}}